{"id":1616,"date":"2024-12-07T13:58:47","date_gmt":"2024-12-07T13:58:47","guid":{"rendered":"https:\/\/ashastore.eu\/?page_id=1616"},"modified":"2025-12-09T03:42:12","modified_gmt":"2025-12-09T01:42:12","slug":"sustainability","status":"publish","type":"page","link":"https:\/\/ashastore.eu\/en\/sustainability\/","title":{"rendered":"Sustainability"},"content":{"rendered":"<div data-elementor-type=\"wp-page\" data-elementor-id=\"1616\" class=\"elementor elementor-1616\">\n\t\t\t\t<div class=\"elementor-element elementor-element-1bf26ce e-con-full wd-section-stretch-content e-flex e-con e-parent\" data-id=\"1bf26ce\" data-element_type=\"container\" data-e-type=\"container\">\n\t\t\t\t<div class=\"elementor-element elementor-element-ee381b2 elementor-widget__width-inherit elementor-widget elementor-widget-image\" data-id=\"ee381b2\" data-element_type=\"widget\" data-e-type=\"widget\" data-widget_type=\"image.default\">\n\t\t\t\t<div class=\"elementor-widget-container\">\n\t\t\t\t\t\t\t\t\t\t\t\t\t\t\t<img decoding=\"async\" width=\"2560\" height=\"1707\" src=\"https:\/\/ashastore.eu\/wp-content\/uploads\/2025\/05\/sustenability_poza2_mijloc-pagina-scaled.jpg\" class=\"attachment-full size-full wp-image-3026\" alt=\"\" srcset=\"https:\/\/ashastore.eu\/wp-content\/uploads\/2025\/05\/sustenability_poza2_mijloc-pagina-scaled.jpg 2560w, https:\/\/ashastore.eu\/wp-content\/uploads\/2025\/05\/sustenability_poza2_mijloc-pagina-400x267.jpg 400w, https:\/\/ashastore.eu\/wp-content\/uploads\/2025\/05\/sustenability_poza2_mijloc-pagina-1200x800.jpg 1200w, https:\/\/ashastore.eu\/wp-content\/uploads\/2025\/05\/sustenability_poza2_mijloc-pagina-768x512.jpg 768w, https:\/\/ashastore.eu\/wp-content\/uploads\/2025\/05\/sustenability_poza2_mijloc-pagina-1536x1024.jpg 1536w, https:\/\/ashastore.eu\/wp-content\/uploads\/2025\/05\/sustenability_poza2_mijloc-pagina-2048x1365.jpg 2048w, https:\/\/ashastore.eu\/wp-content\/uploads\/2025\/05\/sustenability_poza2_mijloc-pagina-18x12.jpg 18w, https:\/\/ashastore.eu\/wp-content\/uploads\/2025\/05\/sustenability_poza2_mijloc-pagina-430x287.jpg 430w, https:\/\/ashastore.eu\/wp-content\/uploads\/2025\/05\/sustenability_poza2_mijloc-pagina-700x467.jpg 700w, https:\/\/ashastore.eu\/wp-content\/uploads\/2025\/05\/sustenability_poza2_mijloc-pagina-190x127.jpg 190w\" sizes=\"(max-width: 2560px) 100vw, 2560px\" \/>\t\t\t\t\t\t\t\t\t\t\t\t\t\t\t<\/div>\n\t\t\t\t<\/div>\n\t\t\t\t<\/div>\n\t\t<div class=\"elementor-element elementor-element-6478339 e-con-full wd-section-stretch e-flex e-con e-parent\" data-id=\"6478339\" data-element_type=\"container\" data-e-type=\"container\">\n\t\t\t\t<div class=\"elementor-element elementor-element-4d332b4 elementor-widget__width-inherit elementor-widget elementor-widget-wd_text_block\" data-id=\"4d332b4\" data-element_type=\"widget\" data-e-type=\"widget\" data-widget_type=\"wd_text_block.default\">\n\t\t\t\t<div class=\"elementor-widget-container\">\n\t\t\t\t\t\t\t<div class=\"wd-text-block reset-last-child text-left\">\n\t\t\t\n\t\t\t<p>A Step Toward a Greener Future<\/p>\n\t\t\t\t\t<\/div>\n\t\t\t\t\t\t<\/div>\n\t\t\t\t<\/div>\n\t\t\t\t<\/div>\n\t\t<div class=\"elementor-element elementor-element-5f4a677 e-con-full wd-section-stretch e-flex e-con e-parent\" data-id=\"5f4a677\" data-element_type=\"container\" data-e-type=\"container\">\n\t\t\t\t<div class=\"elementor-element elementor-element-852b9db elementor-widget__width-inherit elementor-widget elementor-widget-wd_text_block\" data-id=\"852b9db\" data-element_type=\"widget\" data-e-type=\"widget\" data-widget_type=\"wd_text_block.default\">\n\t\t\t\t<div class=\"elementor-widget-container\">\n\t\t\t\t\t\t\t<div class=\"wd-text-block reset-last-child text-left\">\n\t\t\t\n\t\t\t<p>To us, beauty and sustainability should go hand in hand.<\/p>\n\t\t\t\t\t<\/div>\n\t\t\t\t\t\t<\/div>\n\t\t\t\t<\/div>\n\t\t\t\t<\/div>\n\t\t<div class=\"elementor-element elementor-element-b6a4415 e-con-full wd-section-stretch e-flex e-con e-parent\" data-id=\"b6a4415\" data-element_type=\"container\" data-e-type=\"container\">\n\t\t\t\t<div class=\"elementor-element elementor-element-a8165b5 elementor-widget__width-inherit elementor-widget elementor-widget-wd_text_block\" data-id=\"a8165b5\" data-element_type=\"widget\" data-e-type=\"widget\" data-widget_type=\"wd_text_block.default\">\n\t\t\t\t<div class=\"elementor-widget-container\">\n\t\t\t\t\t\t\t<div class=\"wd-text-block reset-last-child text-left\">\n\t\t\t\n\t\t\t<p>As a personal care brand committed to both your health and the planet, we're constantly seeking inovative ways to reduce our enviromental impact.<\/p><p>One of the key steps we've taken is the use of Clean Fake Technology in our product labels - an advanced, eco-friendly solution that makes our packaging more recyclable and contributes to a cleaner, greener world.<\/p>\n\t\t\t\t\t<\/div>\n\t\t\t\t\t\t<\/div>\n\t\t\t\t<\/div>\n\t\t\t\t<\/div>\n\t\t<div class=\"elementor-element elementor-element-66b3215 e-con-full wd-section-stretch-content e-flex e-con e-parent\" data-id=\"66b3215\" data-element_type=\"container\" data-e-type=\"container\">\n\t\t\t\t<div class=\"elementor-element elementor-element-fad93a4 elementor-widget__width-inherit elementor-widget elementor-widget-image\" data-id=\"fad93a4\" data-element_type=\"widget\" data-e-type=\"widget\" data-widget_type=\"image.default\">\n\t\t\t\t<div class=\"elementor-widget-container\">\n\t\t\t\t\t\t\t\t\t\t\t\t\t\t\t<img decoding=\"async\" width=\"2560\" height=\"1707\" src=\"https:\/\/ashastore.eu\/wp-content\/uploads\/2025\/09\/DSCF5296-scaled.jpg\" class=\"attachment-full size-full wp-image-3167\" alt=\"\" srcset=\"https:\/\/ashastore.eu\/wp-content\/uploads\/2025\/09\/DSCF5296-scaled.jpg 2560w, https:\/\/ashastore.eu\/wp-content\/uploads\/2025\/09\/DSCF5296-400x267.jpg 400w, https:\/\/ashastore.eu\/wp-content\/uploads\/2025\/09\/DSCF5296-1200x800.jpg 1200w, https:\/\/ashastore.eu\/wp-content\/uploads\/2025\/09\/DSCF5296-768x512.jpg 768w, https:\/\/ashastore.eu\/wp-content\/uploads\/2025\/09\/DSCF5296-1536x1024.jpg 1536w, https:\/\/ashastore.eu\/wp-content\/uploads\/2025\/09\/DSCF5296-2048x1365.jpg 2048w, https:\/\/ashastore.eu\/wp-content\/uploads\/2025\/09\/DSCF5296-18x12.jpg 18w, https:\/\/ashastore.eu\/wp-content\/uploads\/2025\/09\/DSCF5296-430x287.jpg 430w, https:\/\/ashastore.eu\/wp-content\/uploads\/2025\/09\/DSCF5296-700x467.jpg 700w, https:\/\/ashastore.eu\/wp-content\/uploads\/2025\/09\/DSCF5296-190x127.jpg 190w\" sizes=\"(max-width: 2560px) 100vw, 2560px\" \/>\t\t\t\t\t\t\t\t\t\t\t\t\t\t\t<\/div>\n\t\t\t\t<\/div>\n\t\t\t\t<\/div>\n\t\t<div class=\"elementor-element elementor-element-58e269c e-con-full wd-section-stretch e-flex e-con e-parent\" data-id=\"58e269c\" data-element_type=\"container\" data-e-type=\"container\">\n\t\t\t\t<div class=\"elementor-element elementor-element-946b1f2 elementor-widget elementor-widget-wd_text_block\" data-id=\"946b1f2\" data-element_type=\"widget\" data-e-type=\"widget\" data-widget_type=\"wd_text_block.default\">\n\t\t\t\t<div class=\"elementor-widget-container\">\n\t\t\t\t\t\t\t<div class=\"wd-text-block reset-last-child text-left\">\n\t\t\t\n\t\t\t<p>Clean Flake Technology uses a special adhesive that allows labels to cleanly detach from plastic containers during recycling, preventing contamination and making it easier for the plastic to be reused. This simple innovation enhances the recyclability of our products and ensures more plastic can be repurposed, helping reduce the need for virgin materials.<\/p><p>By choosing our products with Clean Flake labels, you're making an eco-friendly choice that supports the recycling industry and helps reduce global plastic pollution. It\u2019s a simple way to contribute to a more sustainable planet with every purchase.<\/p>\n\t\t\t\t\t<\/div>\n\t\t\t\t\t\t<\/div>\n\t\t\t\t<\/div>\n\t\t\t\t<\/div>\n\t\t<div class=\"elementor-element elementor-element-2ca2e57 e-con-full wd-section-stretch e-flex e-con e-parent\" data-id=\"2ca2e57\" data-element_type=\"container\" data-e-type=\"container\">\n\t\t\t\t<div class=\"elementor-element elementor-element-22d36bc elementor-widget-divider--view-line elementor-widget elementor-widget-divider\" data-id=\"22d36bc\" data-element_type=\"widget\" data-e-type=\"widget\" data-widget_type=\"divider.default\">\n\t\t\t\t<div class=\"elementor-widget-container\">\n\t\t\t\t\t\t\t<div class=\"elementor-divider\">\n\t\t\t<span class=\"elementor-divider-separator\">\n\t\t\t\t\t\t<\/span>\n\t\t<\/div>\n\t\t\t\t\t\t<\/div>\n\t\t\t\t<\/div>\n\t\t\t\t<\/div>\n\t\t<div class=\"elementor-element elementor-element-8f2b799 e-con-full wd-section-stretch e-flex e-con e-parent\" data-id=\"8f2b799\" data-element_type=\"container\" data-e-type=\"container\">\n\t\t\t\t<div class=\"elementor-element elementor-element-0ce645e elementor-widget__width-inherit elementor-widget elementor-widget-wd_text_block\" data-id=\"0ce645e\" data-element_type=\"widget\" data-e-type=\"widget\" data-widget_type=\"wd_text_block.default\">\n\t\t\t\t<div class=\"elementor-widget-container\">\n\t\t\t\t\t\t\t<div class=\"wd-text-block reset-last-child text-center color-title\">\n\t\t\t\n\t\t\t<p>Join us in making a positive difference for the planet.<\/p>\n\t\t\t\t\t<\/div>\n\t\t\t\t\t\t<\/div>\n\t\t\t\t<\/div>\n\t\t\t\t<\/div>\n\t\t<div class=\"elementor-element elementor-element-09bec35 e-con-full wd-section-stretch elementor-hidden-desktop elementor-hidden-tablet e-flex e-con e-parent\" data-id=\"09bec35\" data-element_type=\"container\" data-e-type=\"container\">\n\t\t\t\t<div class=\"elementor-element elementor-element-d159e98 elementor-widget-divider--view-line elementor-widget elementor-widget-divider\" data-id=\"d159e98\" data-element_type=\"widget\" data-e-type=\"widget\" data-widget_type=\"divider.default\">\n\t\t\t\t<div class=\"elementor-widget-container\">\n\t\t\t\t\t\t\t<div class=\"elementor-divider\">\n\t\t\t<span class=\"elementor-divider-separator\">\n\t\t\t\t\t\t<\/span>\n\t\t<\/div>\n\t\t\t\t\t\t<\/div>\n\t\t\t\t<\/div>\n\t\t\t\t<\/div>\n\t\t\t\t<\/div>","protected":false},"excerpt":{"rendered":"<p>Un pas mic c\u0103tre un viitor mai verde Pentru noi, frumuse\u021bea \u0219i sustenabilitatea merge m\u00e2n\u0103 \u00een m\u00e2n\u0103. Ca brand dedicat<\/p>","protected":false},"author":1,"featured_media":0,"parent":0,"menu_order":0,"comment_status":"closed","ping_status":"closed","template":"elementor_header_footer","meta":{"footnotes":""},"class_list":["post-1616","page","type-page","status-publish","hentry"],"yoast_head":"<!-- This site is optimized with the Yoast SEO plugin v27.1.1 - https:\/\/yoast.com\/product\/yoast-seo-wordpress\/ -->\n<title>Sustainability - ASHA<\/title>\n<meta name=\"robots\" content=\"index, follow, max-snippet:-1, max-image-preview:large, max-video-preview:-1\" \/>\n<link rel=\"canonical\" href=\"https:\/\/ashastore.eu\/en\/sustainability\/\" \/>\n<meta property=\"og:locale\" content=\"en_US\" \/>\n<meta property=\"og:type\" content=\"article\" \/>\n<meta property=\"og:title\" content=\"Sustainability - ASHA\" \/>\n<meta property=\"og:description\" content=\"Un pas mic c\u0103tre un viitor mai verde Pentru noi, frumuse\u021bea \u0219i sustenabilitatea merge m\u00e2n\u0103 \u00een m\u00e2n\u0103. Ca brand dedicat\" \/>\n<meta property=\"og:url\" content=\"https:\/\/ashastore.eu\/en\/sustainability\/\" \/>\n<meta property=\"og:site_name\" content=\"ASHA\" \/>\n<meta property=\"article:modified_time\" content=\"2025-12-09T01:42:12+00:00\" \/>\n<meta property=\"og:image\" content=\"https:\/\/ashastore.eu\/wp-content\/uploads\/2025\/05\/sustenability_poza2_mijloc-pagina-scaled.jpg\" \/>\n\t<meta property=\"og:image:width\" content=\"2560\" \/>\n\t<meta property=\"og:image:height\" content=\"1707\" \/>\n\t<meta property=\"og:image:type\" content=\"image\/jpeg\" \/>\n<meta name=\"twitter:card\" content=\"summary_large_image\" \/>\n<meta name=\"twitter:label1\" content=\"Est. reading time\" \/>\n\t<meta name=\"twitter:data1\" content=\"2 minutes\" \/>\n<script type=\"application\/ld+json\" class=\"yoast-schema-graph\">{\"@context\":\"https:\/\/schema.org\",\"@graph\":[{\"@type\":\"WebPage\",\"@id\":\"https:\/\/ashastore.eu\/sustainability\/\",\"url\":\"https:\/\/ashastore.eu\/sustainability\/\",\"name\":\"Sustainability - ASHA\",\"isPartOf\":{\"@id\":\"https:\/\/ashastore.eu\/#website\"},\"primaryImageOfPage\":{\"@id\":\"https:\/\/ashastore.eu\/sustainability\/#primaryimage\"},\"image\":{\"@id\":\"https:\/\/ashastore.eu\/sustainability\/#primaryimage\"},\"thumbnailUrl\":\"https:\/\/ashastore.eu\/wp-content\/uploads\/2025\/05\/sustenability_poza2_mijloc-pagina-scaled.jpg\",\"datePublished\":\"2024-12-07T13:58:47+00:00\",\"dateModified\":\"2025-12-09T01:42:12+00:00\",\"breadcrumb\":{\"@id\":\"https:\/\/ashastore.eu\/sustainability\/#breadcrumb\"},\"inLanguage\":\"en-US\",\"potentialAction\":[{\"@type\":\"ReadAction\",\"target\":[\"https:\/\/ashastore.eu\/sustainability\/\"]}]},{\"@type\":\"ImageObject\",\"inLanguage\":\"en-US\",\"@id\":\"https:\/\/ashastore.eu\/sustainability\/#primaryimage\",\"url\":\"https:\/\/ashastore.eu\/wp-content\/uploads\/2025\/05\/sustenability_poza2_mijloc-pagina-scaled.jpg\",\"contentUrl\":\"https:\/\/ashastore.eu\/wp-content\/uploads\/2025\/05\/sustenability_poza2_mijloc-pagina-scaled.jpg\"},{\"@type\":\"BreadcrumbList\",\"@id\":\"https:\/\/ashastore.eu\/sustainability\/#breadcrumb\",\"itemListElement\":[{\"@type\":\"ListItem\",\"position\":1,\"name\":\"Home\",\"item\":\"https:\/\/ashastore.eu\/\"},{\"@type\":\"ListItem\",\"position\":2,\"name\":\"Sustainability\"}]},{\"@type\":\"WebSite\",\"@id\":\"https:\/\/ashastore.eu\/#website\",\"url\":\"https:\/\/ashastore.eu\/\",\"name\":\"ASHA\",\"description\":\"Rooted in tradition, crafted for today.\",\"publisher\":{\"@id\":\"https:\/\/ashastore.eu\/#organization\"},\"potentialAction\":[{\"@type\":\"SearchAction\",\"target\":{\"@type\":\"EntryPoint\",\"urlTemplate\":\"https:\/\/ashastore.eu\/?s={search_term_string}\"},\"query-input\":{\"@type\":\"PropertyValueSpecification\",\"valueRequired\":true,\"valueName\":\"search_term_string\"}}],\"inLanguage\":\"en-US\"},{\"@type\":\"Organization\",\"@id\":\"https:\/\/ashastore.eu\/#organization\",\"name\":\"ASHA\",\"url\":\"https:\/\/ashastore.eu\/\",\"logo\":{\"@type\":\"ImageObject\",\"inLanguage\":\"en-US\",\"@id\":\"https:\/\/ashastore.eu\/#\/schema\/logo\/image\/\",\"url\":\"https:\/\/ashastore.eu\/wp-content\/uploads\/2024\/11\/Primary-Logo-31.png\",\"contentUrl\":\"https:\/\/ashastore.eu\/wp-content\/uploads\/2024\/11\/Primary-Logo-31.png\",\"width\":4167,\"height\":4167,\"caption\":\"ASHA\"},\"image\":{\"@id\":\"https:\/\/ashastore.eu\/#\/schema\/logo\/image\/\"},\"sameAs\":[\"https:\/\/www.instagram.com\/ashastore.eu\/?hl=en\"]}]}<\/script>\n<!-- \/ Yoast SEO plugin. -->","yoast_head_json":{"title":"Sustainability - ASHA","robots":{"index":"index","follow":"follow","max-snippet":"max-snippet:-1","max-image-preview":"max-image-preview:large","max-video-preview":"max-video-preview:-1"},"canonical":"https:\/\/ashastore.eu\/en\/sustainability\/","og_locale":"en_US","og_type":"article","og_title":"Sustainability - ASHA","og_description":"Un pas mic c\u0103tre un viitor mai verde Pentru noi, frumuse\u021bea \u0219i sustenabilitatea merge m\u00e2n\u0103 \u00een m\u00e2n\u0103. Ca brand dedicat","og_url":"https:\/\/ashastore.eu\/en\/sustainability\/","og_site_name":"ASHA","article_modified_time":"2025-12-09T01:42:12+00:00","og_image":[{"width":2560,"height":1707,"url":"https:\/\/ashastore.eu\/wp-content\/uploads\/2025\/05\/sustenability_poza2_mijloc-pagina-scaled.jpg","type":"image\/jpeg"}],"twitter_card":"summary_large_image","twitter_misc":{"Est. reading time":"2 minutes"},"schema":{"@context":"https:\/\/schema.org","@graph":[{"@type":"WebPage","@id":"https:\/\/ashastore.eu\/sustainability\/","url":"https:\/\/ashastore.eu\/sustainability\/","name":"Sustainability - ASHA","isPartOf":{"@id":"https:\/\/ashastore.eu\/#website"},"primaryImageOfPage":{"@id":"https:\/\/ashastore.eu\/sustainability\/#primaryimage"},"image":{"@id":"https:\/\/ashastore.eu\/sustainability\/#primaryimage"},"thumbnailUrl":"https:\/\/ashastore.eu\/wp-content\/uploads\/2025\/05\/sustenability_poza2_mijloc-pagina-scaled.jpg","datePublished":"2024-12-07T13:58:47+00:00","dateModified":"2025-12-09T01:42:12+00:00","breadcrumb":{"@id":"https:\/\/ashastore.eu\/sustainability\/#breadcrumb"},"inLanguage":"en-US","potentialAction":[{"@type":"ReadAction","target":["https:\/\/ashastore.eu\/sustainability\/"]}]},{"@type":"ImageObject","inLanguage":"en-US","@id":"https:\/\/ashastore.eu\/sustainability\/#primaryimage","url":"https:\/\/ashastore.eu\/wp-content\/uploads\/2025\/05\/sustenability_poza2_mijloc-pagina-scaled.jpg","contentUrl":"https:\/\/ashastore.eu\/wp-content\/uploads\/2025\/05\/sustenability_poza2_mijloc-pagina-scaled.jpg"},{"@type":"BreadcrumbList","@id":"https:\/\/ashastore.eu\/sustainability\/#breadcrumb","itemListElement":[{"@type":"ListItem","position":1,"name":"Home","item":"https:\/\/ashastore.eu\/"},{"@type":"ListItem","position":2,"name":"Sustainability"}]},{"@type":"WebSite","@id":"https:\/\/ashastore.eu\/#website","url":"https:\/\/ashastore.eu\/","name":"ASHA","description":"Rooted in tradition, crafted for today.","publisher":{"@id":"https:\/\/ashastore.eu\/#organization"},"potentialAction":[{"@type":"SearchAction","target":{"@type":"EntryPoint","urlTemplate":"https:\/\/ashastore.eu\/?s={search_term_string}"},"query-input":{"@type":"PropertyValueSpecification","valueRequired":true,"valueName":"search_term_string"}}],"inLanguage":"en-US"},{"@type":"Organization","@id":"https:\/\/ashastore.eu\/#organization","name":"ASHA","url":"https:\/\/ashastore.eu\/","logo":{"@type":"ImageObject","inLanguage":"en-US","@id":"https:\/\/ashastore.eu\/#\/schema\/logo\/image\/","url":"https:\/\/ashastore.eu\/wp-content\/uploads\/2024\/11\/Primary-Logo-31.png","contentUrl":"https:\/\/ashastore.eu\/wp-content\/uploads\/2024\/11\/Primary-Logo-31.png","width":4167,"height":4167,"caption":"ASHA"},"image":{"@id":"https:\/\/ashastore.eu\/#\/schema\/logo\/image\/"},"sameAs":["https:\/\/www.instagram.com\/ashastore.eu\/?hl=en"]}]}},"_links":{"self":[{"href":"https:\/\/ashastore.eu\/en\/wp-json\/wp\/v2\/pages\/1616","targetHints":{"allow":["GET"]}}],"collection":[{"href":"https:\/\/ashastore.eu\/en\/wp-json\/wp\/v2\/pages"}],"about":[{"href":"https:\/\/ashastore.eu\/en\/wp-json\/wp\/v2\/types\/page"}],"author":[{"embeddable":true,"href":"https:\/\/ashastore.eu\/en\/wp-json\/wp\/v2\/users\/1"}],"replies":[{"embeddable":true,"href":"https:\/\/ashastore.eu\/en\/wp-json\/wp\/v2\/comments?post=1616"}],"version-history":[{"count":89,"href":"https:\/\/ashastore.eu\/en\/wp-json\/wp\/v2\/pages\/1616\/revisions"}],"predecessor-version":[{"id":3414,"href":"https:\/\/ashastore.eu\/en\/wp-json\/wp\/v2\/pages\/1616\/revisions\/3414"}],"wp:attachment":[{"href":"https:\/\/ashastore.eu\/en\/wp-json\/wp\/v2\/media?parent=1616"}],"curies":[{"name":"wp","href":"https:\/\/api.w.org\/{rel}","templated":true}]}}