{"id":1786,"date":"2024-12-18T17:13:48","date_gmt":"2024-12-18T17:13:48","guid":{"rendered":"https:\/\/ashastore.eu\/?page_id=1786"},"modified":"2025-01-11T02:13:22","modified_gmt":"2025-01-11T00:13:22","slug":"shipping-ro","status":"publish","type":"page","link":"https:\/\/ashastore.eu\/en\/shipping-ro\/","title":{"rendered":"Shipping policy"},"content":{"rendered":"<div data-elementor-type=\"wp-page\" data-elementor-id=\"1786\" class=\"elementor elementor-1786\">\n\t\t\t\t<div class=\"elementor-element elementor-element-29b90d55 e-con-full wd-section-stretch e-flex e-con e-parent\" data-id=\"29b90d55\" data-element_type=\"container\" data-e-type=\"container\" data-settings=\"{&quot;background_background&quot;:&quot;classic&quot;}\">\n\t\t\t\t<div class=\"elementor-element elementor-element-d441479 elementor-widget__width-inherit elementor-widget elementor-widget-heading\" data-id=\"d441479\" data-element_type=\"widget\" data-e-type=\"widget\" data-widget_type=\"heading.default\">\n\t\t\t\t<div class=\"elementor-widget-container\">\n\t\t\t\t\t<h1 class=\"elementor-heading-title elementor-size-default\">Shipping policy<\/h1>\t\t\t\t<\/div>\n\t\t\t\t<\/div>\n\t\t\t\t<\/div>\n\t\t<div class=\"elementor-element elementor-element-67076ed1 e-con-full wd-section-stretch e-flex e-con e-parent\" data-id=\"67076ed1\" data-element_type=\"container\" data-e-type=\"container\">\n\t\t<div class=\"elementor-element elementor-element-29c6b00b e-con-full e-flex e-con e-child\" data-id=\"29c6b00b\" data-element_type=\"container\" data-e-type=\"container\">\n\t\t\t\t<div class=\"elementor-element elementor-element-ccd3954 elementor-widget elementor-widget-wd_extra_menu_list\" data-id=\"ccd3954\" data-element_type=\"widget\" data-e-type=\"widget\" data-widget_type=\"wd_extra_menu_list.default\">\n\t\t\t\t<div class=\"elementor-widget-container\">\n\t\t\t\t\t\t\t\t<ul class=\"wd-sub-menu wd-sub-accented  mega-menu-list\">\n\t\t\t\t<li class=\"item-with-label item-label-primary\">\n\t\t\t\t\t\n\t\t\t\t\t<ul class=\"sub-sub-menu\">\n\t\t\t\t\t\t\t\t\t\t\t\t\t\n\t\t\t\t\t\t\t<li class=\"item-with-label item-label-primary\">\n\t\t\t\t\t\t\t\t<a  href=\"#romania\">\n\t\t\t\t\t\t\t\t\t\t\t\t\t\t\t\t\t\t\t\t\t\t\t\t\t\t\t\t\n\t\t\t\t\t\t\t\t\t\t\t\t\t\t\t\t\t\t\tLivrare \u00een Rom\u00e2nia\t\t\t\t\t\t\t\t\t\n\t\t\t\t\t\t\t\t\t\t\t\t\t\t\t\t\t<\/a>\n\t\t\t\t\t\t\t<\/li>\n\t\t\t\t\t\t\t\t\t\t\t\t\t\n\t\t\t\t\t\t\t<li class=\"item-with-label item-label-green\">\n\t\t\t\t\t\t\t\t<a  href=\"#eu\">\n\t\t\t\t\t\t\t\t\t\t\t\t\t\t\t\t\t\t\t\t\t\t\t\t\t\t\t\t\n\t\t\t\t\t\t\t\t\t\t\t\t\t\t\t\t\t\t\tLivrare \u00een Uniunea European\u0103\t\t\t\t\t\t\t\t\t\n\t\t\t\t\t\t\t\t\t\t\t\t\t\t\t\t\t<\/a>\n\t\t\t\t\t\t\t<\/li>\n\t\t\t\t\t\t\t\t\t\t\t<\/ul>\n\t\t\t\t<\/li>\n\t\t\t<\/ul>\n\t\t\t\t\t\t<\/div>\n\t\t\t\t<\/div>\n\t\t\t\t<\/div>\n\t\t<div class=\"elementor-element elementor-element-7ef398a5 e-con-full e-flex e-con e-child\" data-id=\"7ef398a5\" data-element_type=\"container\" data-e-type=\"container\">\n\t\t\t\t<div class=\"elementor-element elementor-element-3c02d1d6 elementor-widget elementor-widget-menu-anchor\" data-id=\"3c02d1d6\" data-element_type=\"widget\" data-e-type=\"widget\" data-widget_type=\"menu-anchor.default\">\n\t\t\t\t<div class=\"elementor-widget-container\">\n\t\t\t\t\t\t\t<div class=\"elementor-menu-anchor\" id=\"romania\"><\/div>\n\t\t\t\t\t\t<\/div>\n\t\t\t\t<\/div>\n\t\t\t\t<div class=\"elementor-element elementor-element-6debdf89 elementor-widget elementor-widget-wd_text_block\" data-id=\"6debdf89\" data-element_type=\"widget\" data-e-type=\"widget\" data-widget_type=\"wd_text_block.default\">\n\t\t\t\t<div class=\"elementor-widget-container\">\n\t\t\t\t\t\t\t<div class=\"wd-text-block reset-last-child text-left\">\n\t\t\t\n\t\t\t<h3 data-pm-slice=\"1 1 []\">Livrare \u00een Rom\u00e2nia<\/h3><p>La ASHA, ne asigur\u0103m c\u0103 fiecare comand\u0103 ajunge rapid \u0219i \u00een cele mai bune condi\u021bii. Produsele sunt livrate exclusiv prin curier rapid, oferindu-\u021bi confortul \u0219i siguran\u021ba pe care le meri\u021bi:<\/p><ul data-spread=\"true\"><li><p><strong>Costuri de livrare:<\/strong><\/p><ul data-spread=\"false\"><li><p>Transport gratuit pentru comenzile ce dep\u0103\u0219esc valoarea de <strong>250 RON<\/strong>.<\/p><\/li><li><p>Un cost fix de <strong>20 RON<\/strong> pentru comenzile sub <strong>250 RON<\/strong>.<\/p><\/li><\/ul><\/li><li><p><strong>Procesare \u0219i expediere:<\/strong><\/p><ul data-spread=\"false\"><li><p>Comenzile sunt expediate \u00een termen de <strong>2-3 zile lucr\u0103toare<\/strong> de la confirmarea acestora.<\/p><\/li><li><p>Pentru comenzile plasate \u00eentre <strong>vineri, ora 16:00<\/strong>, \u0219i <strong>duminic\u0103, ora 16:00<\/strong>, expedierea va avea loc luni.<\/p><\/li><\/ul><\/li><li><p><strong>Perioade aglomerate:<\/strong> \u00cen timpul campaniilor promo\u021bionale, livrarea poate dura mai mult dec\u00e2t de obicei.<\/p><\/li><li><p><strong>Ambalare premium:<\/strong> Produsele tale sunt ambalate cu grij\u0103, folosind materiale special concepute pentru articole fragile. \u00cen cazul deterior\u0103rii produselor din cauza manipul\u0103rii necorespunz\u0103toare \u00een timpul transportului, ne angaj\u0103m s\u0103 le \u00eenlocuim gratuit.<\/p><\/li><li><p><strong>Termene de livrare detaliate:<\/strong><\/p><ul data-spread=\"false\"><li><p><strong>Curier rapid \u00een Bucure\u0219ti:<\/strong><\/p><ul data-spread=\"false\"><li><p><strong>20 RON<\/strong>, livrare \u00een cel mult <strong>48 de ore<\/strong> pentru comenzile plasate p\u00e2n\u0103 la ora <strong>12:00<\/strong>.<\/p><\/li><li><p>Comenzile plasate dup\u0103 ora <strong>12:00<\/strong> vor fi livrate \u00een cel mult <strong>60 de ore<\/strong>.<\/p><\/li><\/ul><\/li><li><p><strong>Curier rapid \u00een alte localit\u0103\u021bi:<\/strong><\/p><ul data-spread=\"false\"><li><p>Acelea\u0219i tarife \u0219i termene de livrare ca \u00een Bucure\u0219ti.<\/p><\/li><\/ul><\/li><\/ul><\/li><\/ul><p>Costul transportului este afi\u0219at clar \u00een co\u0219ul de cump\u0103r\u0103turi, \u00eenainte de finalizarea comenzii, pentru o transparen\u021b\u0103 total\u0103.<\/p>\n\t\t\t\t\t<\/div>\n\t\t\t\t\t\t<\/div>\n\t\t\t\t<\/div>\n\t\t\t\t<div class=\"elementor-element elementor-element-44999e39 elementor-widget-divider--view-line elementor-widget elementor-widget-divider\" data-id=\"44999e39\" data-element_type=\"widget\" data-e-type=\"widget\" data-widget_type=\"divider.default\">\n\t\t\t\t<div class=\"elementor-widget-container\">\n\t\t\t\t\t\t\t<div class=\"elementor-divider\">\n\t\t\t<span class=\"elementor-divider-separator\">\n\t\t\t\t\t\t<\/span>\n\t\t<\/div>\n\t\t\t\t\t\t<\/div>\n\t\t\t\t<\/div>\n\t\t\t\t<div class=\"elementor-element elementor-element-19e16b28 elementor-widget elementor-widget-menu-anchor\" data-id=\"19e16b28\" data-element_type=\"widget\" data-e-type=\"widget\" data-widget_type=\"menu-anchor.default\">\n\t\t\t\t<div class=\"elementor-widget-container\">\n\t\t\t\t\t\t\t<div class=\"elementor-menu-anchor\" id=\"eu\"><\/div>\n\t\t\t\t\t\t<\/div>\n\t\t\t\t<\/div>\n\t\t\t\t<div class=\"elementor-element elementor-element-625e9bfa elementor-widget elementor-widget-wd_text_block\" data-id=\"625e9bfa\" data-element_type=\"widget\" data-e-type=\"widget\" data-widget_type=\"wd_text_block.default\">\n\t\t\t\t<div class=\"elementor-widget-container\">\n\t\t\t\t\t\t\t<div class=\"wd-text-block reset-last-child text-left\">\n\t\t\t\n\t\t\t<h3>Livrare \u00een Uniunea European\u0103<\/h3><p>Oriunde te-ai afla \u00een Uniunea European\u0103, produsele ASHA vor ajunge la tine cu promptitudine. Costurile de livrare sunt detaliate pentru fiecare \u021bar\u0103, pentru ca tu s\u0103 fii mereu bine informat:<\/p><ul data-spread=\"false\"><li><p><strong>Austria:<\/strong> 102 RON (21 EUR)<\/p><\/li><li><p><strong>Belgia:<\/strong> 136 RON (28 EUR)<\/p><\/li><li><p><strong>Bulgaria:<\/strong> 35 RON (7 EUR)<\/p><\/li><li><p><strong>Cehia:<\/strong> 136 RON (28 EUR)<\/p><\/li><li><p><strong>Croa\u021bia:<\/strong> 136 RON (28 EUR)<\/p><\/li><li><p><strong>Danemarca:<\/strong> 136 RON (28 EUR)<\/p><\/li><li><p><strong>Estonia:<\/strong> 136 RON (28 EUR)<\/p><\/li><li><p><strong>Finlanda:<\/strong> 185 RON (38 EUR)<\/p><\/li><li><p><strong>Fran\u021ba:<\/strong> 136 RON (28 EUR)<\/p><\/li><li><p><strong>Germania:<\/strong> 102 RON (21 EUR)<\/p><\/li><li><p><strong>Grecia:<\/strong> 136 RON (28 EUR)<\/p><\/li><li><p><strong>Irlanda:<\/strong> 274 RON (56 EUR)<\/p><\/li><li><p><strong>Irlanda de Nord:<\/strong> 274 RON (56 EUR)<\/p><\/li><li><p><strong>Italia:<\/strong> 102 RON (21 EUR)<\/p><\/li><li><p><strong>Letonia:<\/strong> 136 RON (28 EUR)<\/p><\/li><li><p><strong>Lituania:<\/strong> 136 RON (28 EUR)<\/p><\/li><li><p><strong>Luxemburg:<\/strong> 136 RON (28 EUR)<\/p><\/li><li><p><strong>Marea Britanie:<\/strong> 136 RON (28 EUR)<\/p><\/li><li><p><strong>Olanda:<\/strong> 136 RON (28 EUR)<\/p><\/li><li><p><strong>Polonia:<\/strong> 136 RON (28 EUR)<\/p><\/li><li><p><strong>Portugalia:<\/strong> 185 RON (38 EUR)<\/p><\/li><li><p><strong>Slovacia:<\/strong> 102 RON (21 EUR)<\/p><\/li><li><p><strong>Slovenia:<\/strong> 136 RON (28 EUR)<\/p><\/li><li><p><strong>Spania:<\/strong> 136 RON (28 EUR)<\/p><\/li><li><p><strong>Suedia:<\/strong> 185 RON (38 EUR)<\/p><\/li><li><p><strong>Ungaria:<\/strong> 43 RON (9 EUR)<\/p><\/li><\/ul><p>Fiecare expediere este tratat\u0103 cu profesionalism, astfel \u00eenc\u00e2t s\u0103 te bucuri de produsele ASHA \u00een cel mai scurt timp posibil.<\/p>\n\t\t\t\t\t<\/div>\n\t\t\t\t\t\t<\/div>\n\t\t\t\t<\/div>\n\t\t\t\t<\/div>\n\t\t<div class=\"elementor-element elementor-element-09e405c e-con-full e-flex e-con e-child\" data-id=\"09e405c\" data-element_type=\"container\" data-e-type=\"container\">\n\t\t\t\t<div class=\"elementor-element elementor-element-19d3a09 elementor-widget elementor-widget-wd_text_block\" data-id=\"19d3a09\" data-element_type=\"widget\" data-e-type=\"widget\" data-widget_type=\"wd_text_block.default\">\n\t\t\t\t<div class=\"elementor-widget-container\">\n\t\t\t\t\t\t\t<div class=\"wd-text-block reset-last-child text-left\">\n\t\t\t\n\t\t\t<p><a href=\"https:\/\/ashastore.eu\/shipping-ro\/\">RO<\/a> \/ <a href=\"https:\/\/ashastore.eu\/shipping-en\/\">EN<\/a><\/p>\n\t\t\t\t\t<\/div>\n\t\t\t\t\t\t<\/div>\n\t\t\t\t<\/div>\n\t\t\t\t<\/div>\n\t\t\t\t<\/div>\n\t\t\t\t<\/div>","protected":false},"excerpt":{"rendered":"<p>Livrare Livrare \u00een Rom\u00e2nia Livrare \u00een Uniunea European\u0103 Livrare \u00een Rom\u00e2nia La ASHA, ne asigur\u0103m c\u0103 fiecare comand\u0103 ajunge rapid<\/p>","protected":false},"author":1,"featured_media":0,"parent":0,"menu_order":0,"comment_status":"closed","ping_status":"closed","template":"elementor_header_footer","meta":{"footnotes":""},"class_list":["post-1786","page","type-page","status-publish","hentry"],"yoast_head":"<!-- This site is optimized with the Yoast SEO plugin v27.1.1 - https:\/\/yoast.com\/product\/yoast-seo-wordpress\/ -->\n<title>Livrare - ASHA<\/title>\n<meta name=\"robots\" content=\"index, follow, max-snippet:-1, max-image-preview:large, max-video-preview:-1\" \/>\n<link rel=\"canonical\" href=\"https:\/\/ashastore.eu\/en\/shipping-ro\/\" \/>\n<meta property=\"og:locale\" content=\"en_US\" \/>\n<meta property=\"og:type\" content=\"article\" \/>\n<meta property=\"og:title\" content=\"Livrare - ASHA\" \/>\n<meta property=\"og:description\" content=\"Livrare Livrare \u00een Rom\u00e2nia Livrare \u00een Uniunea European\u0103 Livrare \u00een Rom\u00e2nia La ASHA, ne asigur\u0103m c\u0103 fiecare comand\u0103 ajunge rapid\" \/>\n<meta property=\"og:url\" content=\"https:\/\/ashastore.eu\/en\/shipping-ro\/\" \/>\n<meta property=\"og:site_name\" content=\"ASHA\" \/>\n<meta property=\"article:modified_time\" content=\"2025-01-11T00:13:22+00:00\" \/>\n<meta name=\"twitter:card\" content=\"summary_large_image\" \/>\n<meta name=\"twitter:label1\" content=\"Est. reading time\" \/>\n\t<meta name=\"twitter:data1\" content=\"2 minutes\" \/>\n<script type=\"application\/ld+json\" class=\"yoast-schema-graph\">{\"@context\":\"https:\/\/schema.org\",\"@graph\":[{\"@type\":\"WebPage\",\"@id\":\"https:\/\/ashastore.eu\/shipping-ro\/\",\"url\":\"https:\/\/ashastore.eu\/shipping-ro\/\",\"name\":\"Livrare - ASHA\",\"isPartOf\":{\"@id\":\"https:\/\/ashastore.eu\/#website\"},\"datePublished\":\"2024-12-18T17:13:48+00:00\",\"dateModified\":\"2025-01-11T00:13:22+00:00\",\"breadcrumb\":{\"@id\":\"https:\/\/ashastore.eu\/shipping-ro\/#breadcrumb\"},\"inLanguage\":\"en-US\",\"potentialAction\":[{\"@type\":\"ReadAction\",\"target\":[\"https:\/\/ashastore.eu\/shipping-ro\/\"]}]},{\"@type\":\"BreadcrumbList\",\"@id\":\"https:\/\/ashastore.eu\/shipping-ro\/#breadcrumb\",\"itemListElement\":[{\"@type\":\"ListItem\",\"position\":1,\"name\":\"Home\",\"item\":\"https:\/\/ashastore.eu\/\"},{\"@type\":\"ListItem\",\"position\":2,\"name\":\"Livrare\"}]},{\"@type\":\"WebSite\",\"@id\":\"https:\/\/ashastore.eu\/#website\",\"url\":\"https:\/\/ashastore.eu\/\",\"name\":\"ASHA\",\"description\":\"Rooted in tradition, crafted for today.\",\"publisher\":{\"@id\":\"https:\/\/ashastore.eu\/#organization\"},\"potentialAction\":[{\"@type\":\"SearchAction\",\"target\":{\"@type\":\"EntryPoint\",\"urlTemplate\":\"https:\/\/ashastore.eu\/?s={search_term_string}\"},\"query-input\":{\"@type\":\"PropertyValueSpecification\",\"valueRequired\":true,\"valueName\":\"search_term_string\"}}],\"inLanguage\":\"en-US\"},{\"@type\":\"Organization\",\"@id\":\"https:\/\/ashastore.eu\/#organization\",\"name\":\"ASHA\",\"url\":\"https:\/\/ashastore.eu\/\",\"logo\":{\"@type\":\"ImageObject\",\"inLanguage\":\"en-US\",\"@id\":\"https:\/\/ashastore.eu\/#\/schema\/logo\/image\/\",\"url\":\"https:\/\/ashastore.eu\/wp-content\/uploads\/2024\/11\/Primary-Logo-31.png\",\"contentUrl\":\"https:\/\/ashastore.eu\/wp-content\/uploads\/2024\/11\/Primary-Logo-31.png\",\"width\":4167,\"height\":4167,\"caption\":\"ASHA\"},\"image\":{\"@id\":\"https:\/\/ashastore.eu\/#\/schema\/logo\/image\/\"},\"sameAs\":[\"https:\/\/www.instagram.com\/ashastore.eu\/?hl=en\"]}]}<\/script>\n<!-- \/ Yoast SEO plugin. -->","yoast_head_json":{"title":"Livrare - ASHA","robots":{"index":"index","follow":"follow","max-snippet":"max-snippet:-1","max-image-preview":"max-image-preview:large","max-video-preview":"max-video-preview:-1"},"canonical":"https:\/\/ashastore.eu\/en\/shipping-ro\/","og_locale":"en_US","og_type":"article","og_title":"Livrare - ASHA","og_description":"Livrare Livrare \u00een Rom\u00e2nia Livrare \u00een Uniunea European\u0103 Livrare \u00een Rom\u00e2nia La ASHA, ne asigur\u0103m c\u0103 fiecare comand\u0103 ajunge rapid","og_url":"https:\/\/ashastore.eu\/en\/shipping-ro\/","og_site_name":"ASHA","article_modified_time":"2025-01-11T00:13:22+00:00","twitter_card":"summary_large_image","twitter_misc":{"Est. reading time":"2 minutes"},"schema":{"@context":"https:\/\/schema.org","@graph":[{"@type":"WebPage","@id":"https:\/\/ashastore.eu\/shipping-ro\/","url":"https:\/\/ashastore.eu\/shipping-ro\/","name":"Livrare - ASHA","isPartOf":{"@id":"https:\/\/ashastore.eu\/#website"},"datePublished":"2024-12-18T17:13:48+00:00","dateModified":"2025-01-11T00:13:22+00:00","breadcrumb":{"@id":"https:\/\/ashastore.eu\/shipping-ro\/#breadcrumb"},"inLanguage":"en-US","potentialAction":[{"@type":"ReadAction","target":["https:\/\/ashastore.eu\/shipping-ro\/"]}]},{"@type":"BreadcrumbList","@id":"https:\/\/ashastore.eu\/shipping-ro\/#breadcrumb","itemListElement":[{"@type":"ListItem","position":1,"name":"Home","item":"https:\/\/ashastore.eu\/"},{"@type":"ListItem","position":2,"name":"Livrare"}]},{"@type":"WebSite","@id":"https:\/\/ashastore.eu\/#website","url":"https:\/\/ashastore.eu\/","name":"ASHA","description":"Rooted in tradition, crafted for today.","publisher":{"@id":"https:\/\/ashastore.eu\/#organization"},"potentialAction":[{"@type":"SearchAction","target":{"@type":"EntryPoint","urlTemplate":"https:\/\/ashastore.eu\/?s={search_term_string}"},"query-input":{"@type":"PropertyValueSpecification","valueRequired":true,"valueName":"search_term_string"}}],"inLanguage":"en-US"},{"@type":"Organization","@id":"https:\/\/ashastore.eu\/#organization","name":"ASHA","url":"https:\/\/ashastore.eu\/","logo":{"@type":"ImageObject","inLanguage":"en-US","@id":"https:\/\/ashastore.eu\/#\/schema\/logo\/image\/","url":"https:\/\/ashastore.eu\/wp-content\/uploads\/2024\/11\/Primary-Logo-31.png","contentUrl":"https:\/\/ashastore.eu\/wp-content\/uploads\/2024\/11\/Primary-Logo-31.png","width":4167,"height":4167,"caption":"ASHA"},"image":{"@id":"https:\/\/ashastore.eu\/#\/schema\/logo\/image\/"},"sameAs":["https:\/\/www.instagram.com\/ashastore.eu\/?hl=en"]}]}},"_links":{"self":[{"href":"https:\/\/ashastore.eu\/en\/wp-json\/wp\/v2\/pages\/1786","targetHints":{"allow":["GET"]}}],"collection":[{"href":"https:\/\/ashastore.eu\/en\/wp-json\/wp\/v2\/pages"}],"about":[{"href":"https:\/\/ashastore.eu\/en\/wp-json\/wp\/v2\/types\/page"}],"author":[{"embeddable":true,"href":"https:\/\/ashastore.eu\/en\/wp-json\/wp\/v2\/users\/1"}],"replies":[{"embeddable":true,"href":"https:\/\/ashastore.eu\/en\/wp-json\/wp\/v2\/comments?post=1786"}],"version-history":[{"count":14,"href":"https:\/\/ashastore.eu\/en\/wp-json\/wp\/v2\/pages\/1786\/revisions"}],"predecessor-version":[{"id":2876,"href":"https:\/\/ashastore.eu\/en\/wp-json\/wp\/v2\/pages\/1786\/revisions\/2876"}],"wp:attachment":[{"href":"https:\/\/ashastore.eu\/en\/wp-json\/wp\/v2\/media?parent=1786"}],"curies":[{"name":"wp","href":"https:\/\/api.w.org\/{rel}","templated":true}]}}