{"id":2360,"date":"2024-12-30T15:42:19","date_gmt":"2024-12-30T15:42:19","guid":{"rendered":"https:\/\/ashastore.eu\/?post_type=product&#038;p=2360"},"modified":"2025-12-09T03:12:25","modified_gmt":"2025-12-09T01:12:25","slug":"shower-collection","status":"publish","type":"product","link":"https:\/\/ashastore.eu\/en\/product\/shower-collection\/","title":{"rendered":"Shower Routine"},"content":{"rendered":"<p><img decoding=\"async\" class=\"alignnone wp-image-2825\" src=\"https:\/\/ashastore.eu\/wp-content\/uploads\/2024\/12\/pexels-ron-lach-9155224-200x300.jpg\" alt=\"\" width=\"420\" height=\"630\" srcset=\"https:\/\/ashastore.eu\/wp-content\/uploads\/2024\/12\/pexels-ron-lach-9155224-200x300.jpg 200w, https:\/\/ashastore.eu\/wp-content\/uploads\/2024\/12\/pexels-ron-lach-9155224-533x800.jpg 533w, https:\/\/ashastore.eu\/wp-content\/uploads\/2024\/12\/pexels-ron-lach-9155224-768x1152.jpg 768w, https:\/\/ashastore.eu\/wp-content\/uploads\/2024\/12\/pexels-ron-lach-9155224-1024x1536.jpg 1024w, https:\/\/ashastore.eu\/wp-content\/uploads\/2024\/12\/pexels-ron-lach-9155224-1365x2048.jpg 1365w, https:\/\/ashastore.eu\/wp-content\/uploads\/2024\/12\/pexels-ron-lach-9155224-430x645.jpg 430w, https:\/\/ashastore.eu\/wp-content\/uploads\/2024\/12\/pexels-ron-lach-9155224-700x1050.jpg 700w, https:\/\/ashastore.eu\/wp-content\/uploads\/2024\/12\/pexels-ron-lach-9155224-190x285.jpg 190w, https:\/\/ashastore.eu\/wp-content\/uploads\/2024\/12\/pexels-ron-lach-9155224-scaled.jpg 1707w\" sizes=\"(max-width: 420px) 100vw, 420px\" \/><\/p>","protected":false},"excerpt":{"rendered":"<p>[ Reducere 10% | economisi\u021bi 20,00 lei ]<\/p>\n<p>Transform\u0103 du\u0219ul t\u0103u zilnic \u00eentr-o experien\u021b\u0103 revigorant\u0103, folosind puterea plantelor, cu duo-ul nostru de Gel de Du\u0219 \u0219i \u0218ampon. \u00cempreun\u0103, aceste produse ofer\u0103 o abordare natural\u0103 \u0219i echilibrat\u0103 a \u00eengrijirii personale, sus\u021bin\u00e2nd s\u0103n\u0103tatea pielii \u0219i a p\u0103rului, din cap p\u00e2n\u0103 \u00een picioare.<\/p>\n<p><span style=\"text-decoration: underline;\">Beneficii:<\/span><\/p>\n<p><em>Gel de du\u0219:<\/em><\/p>\n<ul>\n<li>Cur\u0103\u021b\u0103 delicat murd\u0103ria \u0219i impurit\u0103\u021bile, p\u0103str\u00e2nd \u00een acela\u0219i timp uleiurile naturale ale pielii intacte.<\/li>\n<li>Infuzat cu glicerina, pentru o hidratare intens\u0103 ce men\u021bine pielea catifelat\u0103 \u0219i suple\u021be de lung\u0103 durat\u0103.<\/li>\n<li>Extractul de mu\u0219e\u021bel calmeaz\u0103 \u0219i lini\u0219te\u0219te pielea iritat\u0103, oferindu-i un confort instant.<\/li>\n<li>Un amestec unic de aminoacizi \u0219i vitamine \u00eent\u0103re\u0219te \u0219i repar\u0103 bariera natural\u0103 a pielii, l\u0103s\u00e2nd-o protejat\u0103 \u0219i revitalizat\u0103.<\/li>\n<li>M\u0103rime: 250 ml | 8.45 fl. oz.<\/li>\n<\/ul>\n<p><em><span class=\"word\" data-words=\"\u0218ampon,Sampon\">\u0218ampon:<\/span><\/em><\/p>\n<ul>\n<li>Cur\u0103\u021b\u0103 p\u0103rul \u0219i scalpul f\u0103r\u0103 a \u00eendep\u0103rta uleiurile naturale.<\/li>\n<li>Hidrateaz\u0103 p\u0103rul \u0219i scalpul, l\u0103s\u00e2ndu-le moi \u0219i u\u0219or de piept\u0103nat.<\/li>\n<li>Hr\u0103ne\u0219te foliculii de p\u0103r, promov\u00e2nd o cre\u0219tere s\u0103n\u0103toas\u0103 a p\u0103rului.<\/li>\n<li>Calmeaz\u0103 irita\u021biile \u0219i reduce m\u0103trea\u021ba.<\/li>\n<li>M\u0103rime: 250 ml | 8.45 fl. oz.<\/li>\n<\/ul>\n<p>&nbsp;<\/p>\n<p><span style=\"text-decoration: underline;\">Potrivit pentru:<\/span><\/p>\n<ul>\n<li>Perfect pentru utilizare zilnic\u0103.<\/li>\n<li>Ofer\u0103 o abordare natural\u0103 \u0219i echilibrat\u0103 a \u00eengrijirii personale.<\/li>\n<\/ul>\n<p>98% Ingrediente Naturale | ph Balanced | F\u0103r\u0103 Parfum | Unisex | Testat Dermatologic | F\u0103r\u0103 Parabeni | F\u0103r\u0103 sls | F\u0103r\u0103 alcool<\/p>\n<p>Ambalaje fabricate din materiale reciclabile.<\/p>\n","protected":false},"featured_media":2560,"comment_status":"open","ping_status":"closed","template":"","meta":[],"product_brand":[],"product_cat":[82],"product_tag":[],"class_list":{"0":"post-2360","1":"product","2":"type-product","3":"status-publish","4":"has-post-thumbnail","6":"product_cat-shop","8":"first","9":"instock","10":"shipping-taxable","11":"purchasable","12":"product-type-simple"},"yoast_head":"<!-- This site is optimized with the Yoast SEO plugin v27.1.1 - https:\/\/yoast.com\/product\/yoast-seo-wordpress\/ -->\n<title>Shower Routine - ASHA<\/title>\n<meta name=\"robots\" content=\"index, follow, max-snippet:-1, max-image-preview:large, max-video-preview:-1\" \/>\n<link rel=\"canonical\" href=\"https:\/\/ashastore.eu\/en\/product\/shower-collection\/\" \/>\n<meta property=\"og:locale\" content=\"en_US\" \/>\n<meta property=\"og:type\" content=\"article\" \/>\n<meta property=\"og:title\" content=\"Shower Routine - ASHA\" \/>\n<meta property=\"og:description\" content=\"[ Reducere 10% | economisi\u021bi 20,00 lei ]  Transform\u0103 du\u0219ul t\u0103u zilnic \u00eentr-o experien\u021b\u0103 revigorant\u0103, folosind puterea plantelor, cu duo-ul nostru de Gel de Du\u0219 \u0219i \u0218ampon. \u00cempreun\u0103, aceste produse ofer\u0103 o abordare natural\u0103 \u0219i echilibrat\u0103 a \u00eengrijirii personale, sus\u021bin\u00e2nd s\u0103n\u0103tatea pielii \u0219i a p\u0103rului, din cap p\u00e2n\u0103 \u00een picioare.  Beneficii:  Gel de du\u0219:   Cur\u0103\u021b\u0103 delicat murd\u0103ria \u0219i impurit\u0103\u021bile, p\u0103str\u00e2nd \u00een acela\u0219i timp uleiurile naturale ale pielii intacte.  Infuzat cu glicerina, pentru o hidratare intens\u0103 ce men\u021bine pielea catifelat\u0103 \u0219i suple\u021be de lung\u0103 durat\u0103.  Extractul de mu\u0219e\u021bel calmeaz\u0103 \u0219i lini\u0219te\u0219te pielea iritat\u0103, oferindu-i un confort instant.  Un amestec unic de aminoacizi \u0219i vitamine \u00eent\u0103re\u0219te \u0219i repar\u0103 bariera natural\u0103 a pielii, l\u0103s\u00e2nd-o protejat\u0103 \u0219i revitalizat\u0103.  M\u0103rime: 250 ml | 8.45 fl. oz.  \u0218ampon:   Cur\u0103\u021b\u0103 p\u0103rul \u0219i scalpul f\u0103r\u0103 a \u00eendep\u0103rta uleiurile naturale.  Hidrateaz\u0103 p\u0103rul \u0219i scalpul, l\u0103s\u00e2ndu-le moi \u0219i u\u0219or de piept\u0103nat.  Hr\u0103ne\u0219te foliculii de p\u0103r, promov\u00e2nd o cre\u0219tere s\u0103n\u0103toas\u0103 a p\u0103rului.  Calmeaz\u0103 irita\u021biile \u0219i reduce m\u0103trea\u021ba.  M\u0103rime: 250 ml | 8.45 fl. oz.  &nbsp;  Potrivit pentru:   Perfect pentru utilizare zilnic\u0103.  Ofer\u0103 o abordare natural\u0103 \u0219i echilibrat\u0103 a \u00eengrijirii personale.  98% Ingrediente Naturale | ph Balanced | F\u0103r\u0103 Parfum | Unisex | Testat Dermatologic | F\u0103r\u0103 Parabeni | F\u0103r\u0103 sls | F\u0103r\u0103 alcool  Ambalaje fabricate din materiale reciclabile.\" \/>\n<meta property=\"og:url\" content=\"https:\/\/ashastore.eu\/en\/product\/shower-collection\/\" \/>\n<meta property=\"og:site_name\" content=\"ASHA\" \/>\n<meta property=\"article:modified_time\" content=\"2025-12-09T01:12:25+00:00\" \/>\n<meta property=\"og:image\" content=\"https:\/\/ashastore.eu\/wp-content\/uploads\/2024\/12\/WhatsApp-Image-2025-01-05-at-7.44.49-PM-3-fotor-20250109184258.png\" \/>\n\t<meta property=\"og:image:width\" content=\"1066\" \/>\n\t<meta property=\"og:image:height\" content=\"1600\" \/>\n\t<meta property=\"og:image:type\" content=\"image\/png\" \/>\n<meta name=\"twitter:card\" content=\"summary_large_image\" \/>\n<meta name=\"twitter:label1\" content=\"Est. reading time\" \/>\n\t<meta name=\"twitter:data1\" content=\"1 minute\" \/>\n<script type=\"application\/ld+json\" class=\"yoast-schema-graph\">{\"@context\":\"https:\/\/schema.org\",\"@graph\":[{\"@type\":\"WebPage\",\"@id\":\"https:\/\/ashastore.eu\/product\/shower-collection\/\",\"url\":\"https:\/\/ashastore.eu\/product\/shower-collection\/\",\"name\":\"Shower Routine - ASHA\",\"isPartOf\":{\"@id\":\"https:\/\/ashastore.eu\/#website\"},\"primaryImageOfPage\":{\"@id\":\"https:\/\/ashastore.eu\/product\/shower-collection\/#primaryimage\"},\"image\":{\"@id\":\"https:\/\/ashastore.eu\/product\/shower-collection\/#primaryimage\"},\"thumbnailUrl\":\"https:\/\/ashastore.eu\/wp-content\/uploads\/2024\/12\/WhatsApp-Image-2025-01-05-at-7.44.49-PM-3-fotor-20250109184258.png\",\"datePublished\":\"2024-12-30T15:42:19+00:00\",\"dateModified\":\"2025-12-09T01:12:25+00:00\",\"breadcrumb\":{\"@id\":\"https:\/\/ashastore.eu\/product\/shower-collection\/#breadcrumb\"},\"inLanguage\":\"en-US\",\"potentialAction\":[{\"@type\":\"ReadAction\",\"target\":[\"https:\/\/ashastore.eu\/product\/shower-collection\/\"]}]},{\"@type\":\"ImageObject\",\"inLanguage\":\"en-US\",\"@id\":\"https:\/\/ashastore.eu\/product\/shower-collection\/#primaryimage\",\"url\":\"https:\/\/ashastore.eu\/wp-content\/uploads\/2024\/12\/WhatsApp-Image-2025-01-05-at-7.44.49-PM-3-fotor-20250109184258.png\",\"contentUrl\":\"https:\/\/ashastore.eu\/wp-content\/uploads\/2024\/12\/WhatsApp-Image-2025-01-05-at-7.44.49-PM-3-fotor-20250109184258.png\",\"width\":1066,\"height\":1600},{\"@type\":\"BreadcrumbList\",\"@id\":\"https:\/\/ashastore.eu\/product\/shower-collection\/#breadcrumb\",\"itemListElement\":[{\"@type\":\"ListItem\",\"position\":1,\"name\":\"Home\",\"item\":\"https:\/\/ashastore.eu\/\"},{\"@type\":\"ListItem\",\"position\":2,\"name\":\"Produse\",\"item\":\"https:\/\/ashastore.eu\/shop\/\"},{\"@type\":\"ListItem\",\"position\":3,\"name\":\"Shower Routine\"}]},{\"@type\":\"WebSite\",\"@id\":\"https:\/\/ashastore.eu\/#website\",\"url\":\"https:\/\/ashastore.eu\/\",\"name\":\"ASHA\",\"description\":\"Rooted in tradition, crafted for today.\",\"publisher\":{\"@id\":\"https:\/\/ashastore.eu\/#organization\"},\"potentialAction\":[{\"@type\":\"SearchAction\",\"target\":{\"@type\":\"EntryPoint\",\"urlTemplate\":\"https:\/\/ashastore.eu\/?s={search_term_string}\"},\"query-input\":{\"@type\":\"PropertyValueSpecification\",\"valueRequired\":true,\"valueName\":\"search_term_string\"}}],\"inLanguage\":\"en-US\"},{\"@type\":\"Organization\",\"@id\":\"https:\/\/ashastore.eu\/#organization\",\"name\":\"ASHA\",\"url\":\"https:\/\/ashastore.eu\/\",\"logo\":{\"@type\":\"ImageObject\",\"inLanguage\":\"en-US\",\"@id\":\"https:\/\/ashastore.eu\/#\/schema\/logo\/image\/\",\"url\":\"https:\/\/ashastore.eu\/wp-content\/uploads\/2024\/11\/Primary-Logo-31.png\",\"contentUrl\":\"https:\/\/ashastore.eu\/wp-content\/uploads\/2024\/11\/Primary-Logo-31.png\",\"width\":4167,\"height\":4167,\"caption\":\"ASHA\"},\"image\":{\"@id\":\"https:\/\/ashastore.eu\/#\/schema\/logo\/image\/\"},\"sameAs\":[\"https:\/\/www.instagram.com\/ashastore.eu\/?hl=en\"]}]}<\/script>\n<!-- \/ Yoast SEO plugin. -->","yoast_head_json":{"title":"Shower Routine - ASHA","robots":{"index":"index","follow":"follow","max-snippet":"max-snippet:-1","max-image-preview":"max-image-preview:large","max-video-preview":"max-video-preview:-1"},"canonical":"https:\/\/ashastore.eu\/en\/product\/shower-collection\/","og_locale":"en_US","og_type":"article","og_title":"Shower Routine - ASHA","og_description":"[ Reducere 10% | economisi\u021bi 20,00 lei ]  Transform\u0103 du\u0219ul t\u0103u zilnic \u00eentr-o experien\u021b\u0103 revigorant\u0103, folosind puterea plantelor, cu duo-ul nostru de Gel de Du\u0219 \u0219i \u0218ampon. \u00cempreun\u0103, aceste produse ofer\u0103 o abordare natural\u0103 \u0219i echilibrat\u0103 a \u00eengrijirii personale, sus\u021bin\u00e2nd s\u0103n\u0103tatea pielii \u0219i a p\u0103rului, din cap p\u00e2n\u0103 \u00een picioare.  Beneficii:  Gel de du\u0219:   Cur\u0103\u021b\u0103 delicat murd\u0103ria \u0219i impurit\u0103\u021bile, p\u0103str\u00e2nd \u00een acela\u0219i timp uleiurile naturale ale pielii intacte.  Infuzat cu glicerina, pentru o hidratare intens\u0103 ce men\u021bine pielea catifelat\u0103 \u0219i suple\u021be de lung\u0103 durat\u0103.  Extractul de mu\u0219e\u021bel calmeaz\u0103 \u0219i lini\u0219te\u0219te pielea iritat\u0103, oferindu-i un confort instant.  Un amestec unic de aminoacizi \u0219i vitamine \u00eent\u0103re\u0219te \u0219i repar\u0103 bariera natural\u0103 a pielii, l\u0103s\u00e2nd-o protejat\u0103 \u0219i revitalizat\u0103.  M\u0103rime: 250 ml | 8.45 fl. oz.  \u0218ampon:   Cur\u0103\u021b\u0103 p\u0103rul \u0219i scalpul f\u0103r\u0103 a \u00eendep\u0103rta uleiurile naturale.  Hidrateaz\u0103 p\u0103rul \u0219i scalpul, l\u0103s\u00e2ndu-le moi \u0219i u\u0219or de piept\u0103nat.  Hr\u0103ne\u0219te foliculii de p\u0103r, promov\u00e2nd o cre\u0219tere s\u0103n\u0103toas\u0103 a p\u0103rului.  Calmeaz\u0103 irita\u021biile \u0219i reduce m\u0103trea\u021ba.  M\u0103rime: 250 ml | 8.45 fl. oz.  &nbsp;  Potrivit pentru:   Perfect pentru utilizare zilnic\u0103.  Ofer\u0103 o abordare natural\u0103 \u0219i echilibrat\u0103 a \u00eengrijirii personale.  98% Ingrediente Naturale | ph Balanced | F\u0103r\u0103 Parfum | Unisex | Testat Dermatologic | F\u0103r\u0103 Parabeni | F\u0103r\u0103 sls | F\u0103r\u0103 alcool  Ambalaje fabricate din materiale reciclabile.","og_url":"https:\/\/ashastore.eu\/en\/product\/shower-collection\/","og_site_name":"ASHA","article_modified_time":"2025-12-09T01:12:25+00:00","og_image":[{"width":1066,"height":1600,"url":"https:\/\/ashastore.eu\/wp-content\/uploads\/2024\/12\/WhatsApp-Image-2025-01-05-at-7.44.49-PM-3-fotor-20250109184258.png","type":"image\/png"}],"twitter_card":"summary_large_image","twitter_misc":{"Est. reading time":"1 minute"},"schema":{"@context":"https:\/\/schema.org","@graph":[{"@type":"WebPage","@id":"https:\/\/ashastore.eu\/product\/shower-collection\/","url":"https:\/\/ashastore.eu\/product\/shower-collection\/","name":"Shower Routine - ASHA","isPartOf":{"@id":"https:\/\/ashastore.eu\/#website"},"primaryImageOfPage":{"@id":"https:\/\/ashastore.eu\/product\/shower-collection\/#primaryimage"},"image":{"@id":"https:\/\/ashastore.eu\/product\/shower-collection\/#primaryimage"},"thumbnailUrl":"https:\/\/ashastore.eu\/wp-content\/uploads\/2024\/12\/WhatsApp-Image-2025-01-05-at-7.44.49-PM-3-fotor-20250109184258.png","datePublished":"2024-12-30T15:42:19+00:00","dateModified":"2025-12-09T01:12:25+00:00","breadcrumb":{"@id":"https:\/\/ashastore.eu\/product\/shower-collection\/#breadcrumb"},"inLanguage":"en-US","potentialAction":[{"@type":"ReadAction","target":["https:\/\/ashastore.eu\/product\/shower-collection\/"]}]},{"@type":"ImageObject","inLanguage":"en-US","@id":"https:\/\/ashastore.eu\/product\/shower-collection\/#primaryimage","url":"https:\/\/ashastore.eu\/wp-content\/uploads\/2024\/12\/WhatsApp-Image-2025-01-05-at-7.44.49-PM-3-fotor-20250109184258.png","contentUrl":"https:\/\/ashastore.eu\/wp-content\/uploads\/2024\/12\/WhatsApp-Image-2025-01-05-at-7.44.49-PM-3-fotor-20250109184258.png","width":1066,"height":1600},{"@type":"BreadcrumbList","@id":"https:\/\/ashastore.eu\/product\/shower-collection\/#breadcrumb","itemListElement":[{"@type":"ListItem","position":1,"name":"Home","item":"https:\/\/ashastore.eu\/"},{"@type":"ListItem","position":2,"name":"Produse","item":"https:\/\/ashastore.eu\/shop\/"},{"@type":"ListItem","position":3,"name":"Shower Routine"}]},{"@type":"WebSite","@id":"https:\/\/ashastore.eu\/#website","url":"https:\/\/ashastore.eu\/","name":"ASHA","description":"Rooted in tradition, crafted for today.","publisher":{"@id":"https:\/\/ashastore.eu\/#organization"},"potentialAction":[{"@type":"SearchAction","target":{"@type":"EntryPoint","urlTemplate":"https:\/\/ashastore.eu\/?s={search_term_string}"},"query-input":{"@type":"PropertyValueSpecification","valueRequired":true,"valueName":"search_term_string"}}],"inLanguage":"en-US"},{"@type":"Organization","@id":"https:\/\/ashastore.eu\/#organization","name":"ASHA","url":"https:\/\/ashastore.eu\/","logo":{"@type":"ImageObject","inLanguage":"en-US","@id":"https:\/\/ashastore.eu\/#\/schema\/logo\/image\/","url":"https:\/\/ashastore.eu\/wp-content\/uploads\/2024\/11\/Primary-Logo-31.png","contentUrl":"https:\/\/ashastore.eu\/wp-content\/uploads\/2024\/11\/Primary-Logo-31.png","width":4167,"height":4167,"caption":"ASHA"},"image":{"@id":"https:\/\/ashastore.eu\/#\/schema\/logo\/image\/"},"sameAs":["https:\/\/www.instagram.com\/ashastore.eu\/?hl=en"]}]}},"_links":{"self":[{"href":"https:\/\/ashastore.eu\/en\/wp-json\/wp\/v2\/product\/2360","targetHints":{"allow":["GET"]}}],"collection":[{"href":"https:\/\/ashastore.eu\/en\/wp-json\/wp\/v2\/product"}],"about":[{"href":"https:\/\/ashastore.eu\/en\/wp-json\/wp\/v2\/types\/product"}],"replies":[{"embeddable":true,"href":"https:\/\/ashastore.eu\/en\/wp-json\/wp\/v2\/comments?post=2360"}],"version-history":[{"count":9,"href":"https:\/\/ashastore.eu\/en\/wp-json\/wp\/v2\/product\/2360\/revisions"}],"predecessor-version":[{"id":3407,"href":"https:\/\/ashastore.eu\/en\/wp-json\/wp\/v2\/product\/2360\/revisions\/3407"}],"wp:featuredmedia":[{"embeddable":true,"href":"https:\/\/ashastore.eu\/en\/wp-json\/wp\/v2\/media\/2560"}],"wp:attachment":[{"href":"https:\/\/ashastore.eu\/en\/wp-json\/wp\/v2\/media?parent=2360"}],"wp:term":[{"taxonomy":"product_brand","embeddable":true,"href":"https:\/\/ashastore.eu\/en\/wp-json\/wp\/v2\/product_brand?post=2360"},{"taxonomy":"product_cat","embeddable":true,"href":"https:\/\/ashastore.eu\/en\/wp-json\/wp\/v2\/product_cat?post=2360"},{"taxonomy":"product_tag","embeddable":true,"href":"https:\/\/ashastore.eu\/en\/wp-json\/wp\/v2\/product_tag?post=2360"}],"curies":[{"name":"wp","href":"https:\/\/api.w.org\/{rel}","templated":true}]}}