{"id":2362,"date":"2024-12-30T15:50:30","date_gmt":"2024-12-30T15:50:30","guid":{"rendered":"https:\/\/ashastore.eu\/?post_type=product&#038;p=2362"},"modified":"2025-12-09T03:24:29","modified_gmt":"2025-12-09T01:24:29","slug":"body-face","status":"publish","type":"product","link":"https:\/\/ashastore.eu\/en\/product\/body-face\/","title":{"rendered":"Daily Essentials"},"content":{"rendered":"<p><img decoding=\"async\" class=\"alignnone wp-image-2861\" src=\"https:\/\/ashastore.eu\/wp-content\/uploads\/2024\/12\/pexels-yaroslav-shuraev-5978902-200x300.jpg\" alt=\"\" width=\"407\" height=\"611\" srcset=\"https:\/\/ashastore.eu\/wp-content\/uploads\/2024\/12\/pexels-yaroslav-shuraev-5978902-200x300.jpg 200w, https:\/\/ashastore.eu\/wp-content\/uploads\/2024\/12\/pexels-yaroslav-shuraev-5978902-533x800.jpg 533w, https:\/\/ashastore.eu\/wp-content\/uploads\/2024\/12\/pexels-yaroslav-shuraev-5978902-768x1152.jpg 768w, https:\/\/ashastore.eu\/wp-content\/uploads\/2024\/12\/pexels-yaroslav-shuraev-5978902-1024x1536.jpg 1024w, https:\/\/ashastore.eu\/wp-content\/uploads\/2024\/12\/pexels-yaroslav-shuraev-5978902-1365x2048.jpg 1365w, https:\/\/ashastore.eu\/wp-content\/uploads\/2024\/12\/pexels-yaroslav-shuraev-5978902-430x645.jpg 430w, https:\/\/ashastore.eu\/wp-content\/uploads\/2024\/12\/pexels-yaroslav-shuraev-5978902-700x1050.jpg 700w, https:\/\/ashastore.eu\/wp-content\/uploads\/2024\/12\/pexels-yaroslav-shuraev-5978902-190x285.jpg 190w, https:\/\/ashastore.eu\/wp-content\/uploads\/2024\/12\/pexels-yaroslav-shuraev-5978902-scaled.jpg 1707w\" sizes=\"(max-width: 407px) 100vw, 407px\" \/><\/p>","protected":false},"excerpt":{"rendered":"<p>[ Reducere 10% | economisi\u021bi 24,00 lei ]<\/p>\n<p>Acest duo simplu, dar eficient, ofer\u0103 funda\u021bia perfect\u0103 pentru rutina ta de \u00eengrijire a pielii. Ingredientele bazate pe plante din ambele produse ac\u021bioneaz\u0103 \u00een armonie pentru a cur\u0103\u021ba, hidrata \u0219i proteja, sus\u021bin\u00e2nd s\u0103n\u0103tatea pielii la fiecare utilizare.<\/p>\n<p><span style=\"text-decoration: underline;\">Beneficii:<\/span><\/p>\n<p><em>Gel de\u00a0<span class=\"word modified\" data-words=\"dus,du\u0219\">du\u0219<\/span>:<\/em><\/p>\n<ul>\n<li>Cur\u0103\u021b\u0103 delicat murd\u0103ria \u0219i impurit\u0103\u021bile, p\u0103str\u00e2nd \u00een acela\u0219i timp uleiurile naturale ale pielii intacte.<\/li>\n<li>Infuzat cu glicerina, pentru o hidratare intens\u0103 ce men\u021bine pielea catifelat\u0103 \u0219i suple\u021be de lung\u0103 durat\u0103.<\/li>\n<li>Extractul de mu\u0219e\u021bel calmeaz\u0103 \u0219i lini\u0219te\u0219te pielea iritat\u0103, oferindu-i un confort instant.<\/li>\n<li>Un amestec unic de aminoacizi \u0219i vitamine \u00eent\u0103re\u0219te \u0219i repar\u0103 bariera natural\u0103 a pielii, l\u0103s\u00e2nd-o protejat\u0103 \u0219i revitalizat\u0103.<\/li>\n<li>M\u0103rime: 250 ml | 8.45 fl. oz.<\/li>\n<\/ul>\n<p><em>Gel de cur\u0103\u021bare:<\/em><\/p>\n<ul>\n<li>Cur\u0103\u021b\u0103 eficient murd\u0103ria, excesul de sebum \u0219i impurit\u0103\u021bile.<\/li>\n<li>Men\u021bine hidratarea pentru a l\u0103sa pielea moale \u0219i catifelat\u0103.<\/li>\n<li>Calmeaz\u0103 irita\u021biile \u0219i reduce ro\u0219ea\u021ba.<\/li>\n<li>Protejeaz\u0103 pielea de factorii de mediu d\u0103un\u0103tori.<\/li>\n<li>M\u0103rime: 250 ml | 8.45 fl. oz.<\/li>\n<\/ul>\n<p>&nbsp;<\/p>\n<p><span style=\"text-decoration: underline;\">Potrivit pentru:<\/span> Perfect pentru utilizare zilnic\u0103. Este setul t\u0103u de \u00eencredere pentru o piele proasp\u0103t\u0103, echilibrat\u0103 \u0219i hr\u0103nit\u0103.<\/p>\n<p>98% Ingrediente Naturale | ph Balanced | F\u0103r\u0103 Parfum | Unisex | Testat Dermatologic | F\u0103r\u0103 Parabeni | F\u0103r\u0103 sls | F\u0103r\u0103 alcool<\/p>\n<p>Ambalaje fabricate din materiale reciclabile.<\/p>\n","protected":false},"featured_media":2561,"comment_status":"open","ping_status":"closed","template":"","meta":[],"product_brand":[],"product_cat":[82],"product_tag":[],"class_list":{"0":"post-2362","1":"product","2":"type-product","3":"status-publish","4":"has-post-thumbnail","6":"product_cat-shop","8":"first","9":"instock","10":"shipping-taxable","11":"purchasable","12":"product-type-simple"},"yoast_head":"<!-- This site is optimized with the Yoast SEO plugin v27.1.1 - https:\/\/yoast.com\/product\/yoast-seo-wordpress\/ -->\n<title>Daily Essentials - ASHA<\/title>\n<meta name=\"robots\" content=\"index, follow, max-snippet:-1, max-image-preview:large, max-video-preview:-1\" \/>\n<link rel=\"canonical\" href=\"https:\/\/ashastore.eu\/en\/product\/body-face\/\" \/>\n<meta property=\"og:locale\" content=\"en_US\" \/>\n<meta property=\"og:type\" content=\"article\" \/>\n<meta property=\"og:title\" content=\"Daily Essentials - ASHA\" \/>\n<meta property=\"og:description\" content=\"[ Reducere 10% | economisi\u021bi 24,00 lei ]  Acest duo simplu, dar eficient, ofer\u0103 funda\u021bia perfect\u0103 pentru rutina ta de \u00eengrijire a pielii. Ingredientele bazate pe plante din ambele produse ac\u021bioneaz\u0103 \u00een armonie pentru a cur\u0103\u021ba, hidrata \u0219i proteja, sus\u021bin\u00e2nd s\u0103n\u0103tatea pielii la fiecare utilizare.  Beneficii:  Gel de\u00a0du\u0219:   Cur\u0103\u021b\u0103 delicat murd\u0103ria \u0219i impurit\u0103\u021bile, p\u0103str\u00e2nd \u00een acela\u0219i timp uleiurile naturale ale pielii intacte.  Infuzat cu glicerina, pentru o hidratare intens\u0103 ce men\u021bine pielea catifelat\u0103 \u0219i suple\u021be de lung\u0103 durat\u0103.  Extractul de mu\u0219e\u021bel calmeaz\u0103 \u0219i lini\u0219te\u0219te pielea iritat\u0103, oferindu-i un confort instant.  Un amestec unic de aminoacizi \u0219i vitamine \u00eent\u0103re\u0219te \u0219i repar\u0103 bariera natural\u0103 a pielii, l\u0103s\u00e2nd-o protejat\u0103 \u0219i revitalizat\u0103.  M\u0103rime: 250 ml | 8.45 fl. oz.  Gel de cur\u0103\u021bare:   Cur\u0103\u021b\u0103 eficient murd\u0103ria, excesul de sebum \u0219i impurit\u0103\u021bile.  Men\u021bine hidratarea pentru a l\u0103sa pielea moale \u0219i catifelat\u0103.  Calmeaz\u0103 irita\u021biile \u0219i reduce ro\u0219ea\u021ba.  Protejeaz\u0103 pielea de factorii de mediu d\u0103un\u0103tori.  M\u0103rime: 250 ml | 8.45 fl. oz.  &nbsp;  Potrivit pentru: Perfect pentru utilizare zilnic\u0103. Este setul t\u0103u de \u00eencredere pentru o piele proasp\u0103t\u0103, echilibrat\u0103 \u0219i hr\u0103nit\u0103.  98% Ingrediente Naturale | ph Balanced | F\u0103r\u0103 Parfum | Unisex | Testat Dermatologic | F\u0103r\u0103 Parabeni | F\u0103r\u0103 sls | F\u0103r\u0103 alcool  Ambalaje fabricate din materiale reciclabile.\" \/>\n<meta property=\"og:url\" content=\"https:\/\/ashastore.eu\/en\/product\/body-face\/\" \/>\n<meta property=\"og:site_name\" content=\"ASHA\" \/>\n<meta property=\"article:modified_time\" content=\"2025-12-09T01:24:29+00:00\" \/>\n<meta property=\"og:image\" content=\"https:\/\/ashastore.eu\/wp-content\/uploads\/2024\/12\/WhatsApp-Image-2025-01-05-at-7.44.49-PM-fotor-2025010918446.png\" \/>\n\t<meta property=\"og:image:width\" content=\"1066\" \/>\n\t<meta property=\"og:image:height\" content=\"1600\" \/>\n\t<meta property=\"og:image:type\" content=\"image\/png\" \/>\n<meta name=\"twitter:card\" content=\"summary_large_image\" \/>\n<meta name=\"twitter:label1\" content=\"Est. reading time\" \/>\n\t<meta name=\"twitter:data1\" content=\"1 minute\" \/>\n<script type=\"application\/ld+json\" class=\"yoast-schema-graph\">{\"@context\":\"https:\/\/schema.org\",\"@graph\":[{\"@type\":\"WebPage\",\"@id\":\"https:\/\/ashastore.eu\/product\/body-face\/\",\"url\":\"https:\/\/ashastore.eu\/product\/body-face\/\",\"name\":\"Daily Essentials - ASHA\",\"isPartOf\":{\"@id\":\"https:\/\/ashastore.eu\/#website\"},\"primaryImageOfPage\":{\"@id\":\"https:\/\/ashastore.eu\/product\/body-face\/#primaryimage\"},\"image\":{\"@id\":\"https:\/\/ashastore.eu\/product\/body-face\/#primaryimage\"},\"thumbnailUrl\":\"https:\/\/ashastore.eu\/wp-content\/uploads\/2024\/12\/WhatsApp-Image-2025-01-05-at-7.44.49-PM-fotor-2025010918446.png\",\"datePublished\":\"2024-12-30T15:50:30+00:00\",\"dateModified\":\"2025-12-09T01:24:29+00:00\",\"breadcrumb\":{\"@id\":\"https:\/\/ashastore.eu\/product\/body-face\/#breadcrumb\"},\"inLanguage\":\"en-US\",\"potentialAction\":[{\"@type\":\"ReadAction\",\"target\":[\"https:\/\/ashastore.eu\/product\/body-face\/\"]}]},{\"@type\":\"ImageObject\",\"inLanguage\":\"en-US\",\"@id\":\"https:\/\/ashastore.eu\/product\/body-face\/#primaryimage\",\"url\":\"https:\/\/ashastore.eu\/wp-content\/uploads\/2024\/12\/WhatsApp-Image-2025-01-05-at-7.44.49-PM-fotor-2025010918446.png\",\"contentUrl\":\"https:\/\/ashastore.eu\/wp-content\/uploads\/2024\/12\/WhatsApp-Image-2025-01-05-at-7.44.49-PM-fotor-2025010918446.png\",\"width\":1066,\"height\":1600},{\"@type\":\"BreadcrumbList\",\"@id\":\"https:\/\/ashastore.eu\/product\/body-face\/#breadcrumb\",\"itemListElement\":[{\"@type\":\"ListItem\",\"position\":1,\"name\":\"Home\",\"item\":\"https:\/\/ashastore.eu\/\"},{\"@type\":\"ListItem\",\"position\":2,\"name\":\"Produse\",\"item\":\"https:\/\/ashastore.eu\/shop\/\"},{\"@type\":\"ListItem\",\"position\":3,\"name\":\"Daily Essentials\"}]},{\"@type\":\"WebSite\",\"@id\":\"https:\/\/ashastore.eu\/#website\",\"url\":\"https:\/\/ashastore.eu\/\",\"name\":\"ASHA\",\"description\":\"Rooted in tradition, crafted for today.\",\"publisher\":{\"@id\":\"https:\/\/ashastore.eu\/#organization\"},\"potentialAction\":[{\"@type\":\"SearchAction\",\"target\":{\"@type\":\"EntryPoint\",\"urlTemplate\":\"https:\/\/ashastore.eu\/?s={search_term_string}\"},\"query-input\":{\"@type\":\"PropertyValueSpecification\",\"valueRequired\":true,\"valueName\":\"search_term_string\"}}],\"inLanguage\":\"en-US\"},{\"@type\":\"Organization\",\"@id\":\"https:\/\/ashastore.eu\/#organization\",\"name\":\"ASHA\",\"url\":\"https:\/\/ashastore.eu\/\",\"logo\":{\"@type\":\"ImageObject\",\"inLanguage\":\"en-US\",\"@id\":\"https:\/\/ashastore.eu\/#\/schema\/logo\/image\/\",\"url\":\"https:\/\/ashastore.eu\/wp-content\/uploads\/2024\/11\/Primary-Logo-31.png\",\"contentUrl\":\"https:\/\/ashastore.eu\/wp-content\/uploads\/2024\/11\/Primary-Logo-31.png\",\"width\":4167,\"height\":4167,\"caption\":\"ASHA\"},\"image\":{\"@id\":\"https:\/\/ashastore.eu\/#\/schema\/logo\/image\/\"},\"sameAs\":[\"https:\/\/www.instagram.com\/ashastore.eu\/?hl=en\"]}]}<\/script>\n<!-- \/ Yoast SEO plugin. -->","yoast_head_json":{"title":"Daily Essentials - ASHA","robots":{"index":"index","follow":"follow","max-snippet":"max-snippet:-1","max-image-preview":"max-image-preview:large","max-video-preview":"max-video-preview:-1"},"canonical":"https:\/\/ashastore.eu\/en\/product\/body-face\/","og_locale":"en_US","og_type":"article","og_title":"Daily Essentials - ASHA","og_description":"[ Reducere 10% | economisi\u021bi 24,00 lei ]  Acest duo simplu, dar eficient, ofer\u0103 funda\u021bia perfect\u0103 pentru rutina ta de \u00eengrijire a pielii. Ingredientele bazate pe plante din ambele produse ac\u021bioneaz\u0103 \u00een armonie pentru a cur\u0103\u021ba, hidrata \u0219i proteja, sus\u021bin\u00e2nd s\u0103n\u0103tatea pielii la fiecare utilizare.  Beneficii:  Gel de\u00a0du\u0219:   Cur\u0103\u021b\u0103 delicat murd\u0103ria \u0219i impurit\u0103\u021bile, p\u0103str\u00e2nd \u00een acela\u0219i timp uleiurile naturale ale pielii intacte.  Infuzat cu glicerina, pentru o hidratare intens\u0103 ce men\u021bine pielea catifelat\u0103 \u0219i suple\u021be de lung\u0103 durat\u0103.  Extractul de mu\u0219e\u021bel calmeaz\u0103 \u0219i lini\u0219te\u0219te pielea iritat\u0103, oferindu-i un confort instant.  Un amestec unic de aminoacizi \u0219i vitamine \u00eent\u0103re\u0219te \u0219i repar\u0103 bariera natural\u0103 a pielii, l\u0103s\u00e2nd-o protejat\u0103 \u0219i revitalizat\u0103.  M\u0103rime: 250 ml | 8.45 fl. oz.  Gel de cur\u0103\u021bare:   Cur\u0103\u021b\u0103 eficient murd\u0103ria, excesul de sebum \u0219i impurit\u0103\u021bile.  Men\u021bine hidratarea pentru a l\u0103sa pielea moale \u0219i catifelat\u0103.  Calmeaz\u0103 irita\u021biile \u0219i reduce ro\u0219ea\u021ba.  Protejeaz\u0103 pielea de factorii de mediu d\u0103un\u0103tori.  M\u0103rime: 250 ml | 8.45 fl. oz.  &nbsp;  Potrivit pentru: Perfect pentru utilizare zilnic\u0103. Este setul t\u0103u de \u00eencredere pentru o piele proasp\u0103t\u0103, echilibrat\u0103 \u0219i hr\u0103nit\u0103.  98% Ingrediente Naturale | ph Balanced | F\u0103r\u0103 Parfum | Unisex | Testat Dermatologic | F\u0103r\u0103 Parabeni | F\u0103r\u0103 sls | F\u0103r\u0103 alcool  Ambalaje fabricate din materiale reciclabile.","og_url":"https:\/\/ashastore.eu\/en\/product\/body-face\/","og_site_name":"ASHA","article_modified_time":"2025-12-09T01:24:29+00:00","og_image":[{"width":1066,"height":1600,"url":"https:\/\/ashastore.eu\/wp-content\/uploads\/2024\/12\/WhatsApp-Image-2025-01-05-at-7.44.49-PM-fotor-2025010918446.png","type":"image\/png"}],"twitter_card":"summary_large_image","twitter_misc":{"Est. reading time":"1 minute"},"schema":{"@context":"https:\/\/schema.org","@graph":[{"@type":"WebPage","@id":"https:\/\/ashastore.eu\/product\/body-face\/","url":"https:\/\/ashastore.eu\/product\/body-face\/","name":"Daily Essentials - ASHA","isPartOf":{"@id":"https:\/\/ashastore.eu\/#website"},"primaryImageOfPage":{"@id":"https:\/\/ashastore.eu\/product\/body-face\/#primaryimage"},"image":{"@id":"https:\/\/ashastore.eu\/product\/body-face\/#primaryimage"},"thumbnailUrl":"https:\/\/ashastore.eu\/wp-content\/uploads\/2024\/12\/WhatsApp-Image-2025-01-05-at-7.44.49-PM-fotor-2025010918446.png","datePublished":"2024-12-30T15:50:30+00:00","dateModified":"2025-12-09T01:24:29+00:00","breadcrumb":{"@id":"https:\/\/ashastore.eu\/product\/body-face\/#breadcrumb"},"inLanguage":"en-US","potentialAction":[{"@type":"ReadAction","target":["https:\/\/ashastore.eu\/product\/body-face\/"]}]},{"@type":"ImageObject","inLanguage":"en-US","@id":"https:\/\/ashastore.eu\/product\/body-face\/#primaryimage","url":"https:\/\/ashastore.eu\/wp-content\/uploads\/2024\/12\/WhatsApp-Image-2025-01-05-at-7.44.49-PM-fotor-2025010918446.png","contentUrl":"https:\/\/ashastore.eu\/wp-content\/uploads\/2024\/12\/WhatsApp-Image-2025-01-05-at-7.44.49-PM-fotor-2025010918446.png","width":1066,"height":1600},{"@type":"BreadcrumbList","@id":"https:\/\/ashastore.eu\/product\/body-face\/#breadcrumb","itemListElement":[{"@type":"ListItem","position":1,"name":"Home","item":"https:\/\/ashastore.eu\/"},{"@type":"ListItem","position":2,"name":"Produse","item":"https:\/\/ashastore.eu\/shop\/"},{"@type":"ListItem","position":3,"name":"Daily Essentials"}]},{"@type":"WebSite","@id":"https:\/\/ashastore.eu\/#website","url":"https:\/\/ashastore.eu\/","name":"ASHA","description":"Rooted in tradition, crafted for today.","publisher":{"@id":"https:\/\/ashastore.eu\/#organization"},"potentialAction":[{"@type":"SearchAction","target":{"@type":"EntryPoint","urlTemplate":"https:\/\/ashastore.eu\/?s={search_term_string}"},"query-input":{"@type":"PropertyValueSpecification","valueRequired":true,"valueName":"search_term_string"}}],"inLanguage":"en-US"},{"@type":"Organization","@id":"https:\/\/ashastore.eu\/#organization","name":"ASHA","url":"https:\/\/ashastore.eu\/","logo":{"@type":"ImageObject","inLanguage":"en-US","@id":"https:\/\/ashastore.eu\/#\/schema\/logo\/image\/","url":"https:\/\/ashastore.eu\/wp-content\/uploads\/2024\/11\/Primary-Logo-31.png","contentUrl":"https:\/\/ashastore.eu\/wp-content\/uploads\/2024\/11\/Primary-Logo-31.png","width":4167,"height":4167,"caption":"ASHA"},"image":{"@id":"https:\/\/ashastore.eu\/#\/schema\/logo\/image\/"},"sameAs":["https:\/\/www.instagram.com\/ashastore.eu\/?hl=en"]}]}},"_links":{"self":[{"href":"https:\/\/ashastore.eu\/en\/wp-json\/wp\/v2\/product\/2362","targetHints":{"allow":["GET"]}}],"collection":[{"href":"https:\/\/ashastore.eu\/en\/wp-json\/wp\/v2\/product"}],"about":[{"href":"https:\/\/ashastore.eu\/en\/wp-json\/wp\/v2\/types\/product"}],"replies":[{"embeddable":true,"href":"https:\/\/ashastore.eu\/en\/wp-json\/wp\/v2\/comments?post=2362"}],"version-history":[{"count":7,"href":"https:\/\/ashastore.eu\/en\/wp-json\/wp\/v2\/product\/2362\/revisions"}],"predecessor-version":[{"id":3411,"href":"https:\/\/ashastore.eu\/en\/wp-json\/wp\/v2\/product\/2362\/revisions\/3411"}],"wp:featuredmedia":[{"embeddable":true,"href":"https:\/\/ashastore.eu\/en\/wp-json\/wp\/v2\/media\/2561"}],"wp:attachment":[{"href":"https:\/\/ashastore.eu\/en\/wp-json\/wp\/v2\/media?parent=2362"}],"wp:term":[{"taxonomy":"product_brand","embeddable":true,"href":"https:\/\/ashastore.eu\/en\/wp-json\/wp\/v2\/product_brand?post=2362"},{"taxonomy":"product_cat","embeddable":true,"href":"https:\/\/ashastore.eu\/en\/wp-json\/wp\/v2\/product_cat?post=2362"},{"taxonomy":"product_tag","embeddable":true,"href":"https:\/\/ashastore.eu\/en\/wp-json\/wp\/v2\/product_tag?post=2362"}],"curies":[{"name":"wp","href":"https:\/\/api.w.org\/{rel}","templated":true}]}}