{"id":384,"date":"2023-06-12T12:32:51","date_gmt":"2023-06-12T12:32:51","guid":{"rendered":"https:\/\/dummy.xtemos.com\/woodmart2\/plants-elementor\/?post_type=product&#038;p=384"},"modified":"2026-01-03T19:17:13","modified_gmt":"2026-01-03T17:17:13","slug":"moisturizing-and-scalp-care-shampoo","status":"publish","type":"product","link":"https:\/\/ashastore.eu\/en\/product\/moisturizing-and-scalp-care-shampoo\/","title":{"rendered":"Moisturizing and Scalp-Care Shampoo"},"content":{"rendered":"<p><img decoding=\"async\" class=\"alignnone wp-image-2555\" src=\"https:\/\/ashastore.eu\/wp-content\/uploads\/2023\/06\/photo_5809764169690498277_x-1-240x300.jpg\" alt=\"\" width=\"554\" height=\"693\" srcset=\"https:\/\/ashastore.eu\/wp-content\/uploads\/2023\/06\/photo_5809764169690498277_x-1-240x300.jpg 240w, https:\/\/ashastore.eu\/wp-content\/uploads\/2023\/06\/photo_5809764169690498277_x-1-430x538.jpg 430w, https:\/\/ashastore.eu\/wp-content\/uploads\/2023\/06\/photo_5809764169690498277_x-1-190x238.jpg 190w, https:\/\/ashastore.eu\/wp-content\/uploads\/2023\/06\/photo_5809764169690498277_x-1.jpg 564w\" sizes=\"(max-width: 554px) 100vw, 554px\" \/><\/p>","protected":false},"excerpt":{"rendered":"<p>This plant-powered, moisturizing shampoo gently washes away impurities while remaining kind to your scalp. Wheat bran extract adds manageability, and nettle extract soothes for a healthy scalp environment.<\/p>\n<p><span style=\"text-decoration: underline;\">Functions:<\/span><\/p>\n<ul>\n<li>Cleanses the hair and scalp without stripping away natural oils.<\/li>\n<li>Hydrates the hair and scalp, leaving it soft and easy to comb.<\/li>\n<li>Nourishes the hair follicles, promoting healthy hair growth.<\/li>\n<li>Soothes irritation and reduces dandruff.<\/li>\n<\/ul>\n<p><span style=\"text-decoration: underline;\">Key Ingredients:<\/span> Nettle Extract, Wheat Bran Extract, Vitamin E.<\/p>\n<p><span style=\"text-decoration: underline;\">Suitable:<\/span> All\u00a0hair types.<\/p>\n<p><span style=\"text-decoration: underline;\">Frequency:<\/span> Daily use.<\/p>\n<p><span style=\"text-decoration: underline;\"><span class=\"word\" data-words=\"M\u0103rime,Marime\">Size<\/span>:<\/span> 250 ml | 8.45 fl. oz.<\/p>\n<p>98% natural | ph Balanced | fragrance free | genderless<\/p>\n<p>Packaging made from recyclable materials<\/p>","protected":false},"featured_media":2797,"comment_status":"open","ping_status":"closed","template":"","meta":[],"product_brand":[],"product_cat":[82],"product_tag":[],"class_list":{"0":"post-384","1":"product","2":"type-product","3":"status-publish","4":"has-post-thumbnail","6":"product_cat-shop","8":"first","9":"instock","10":"shipping-taxable","11":"purchasable","12":"product-type-simple"},"yoast_head":"<!-- This site is optimized with the Yoast SEO plugin v27.1.1 - https:\/\/yoast.com\/product\/yoast-seo-wordpress\/ -->\n<title>\u0218ampon hidratant cu extract de urzic\u0103 - ASHA<\/title>\n<meta name=\"robots\" content=\"index, follow, max-snippet:-1, max-image-preview:large, max-video-preview:-1\" \/>\n<link rel=\"canonical\" href=\"https:\/\/ashastore.eu\/en\/product\/moisturizing-and-scalp-care-shampoo\/\" \/>\n<meta property=\"og:locale\" content=\"en_US\" \/>\n<meta property=\"og:type\" content=\"article\" \/>\n<meta property=\"og:title\" content=\"\u0218ampon hidratant cu extract de urzic\u0103 - ASHA\" \/>\n<meta property=\"og:description\" content=\"Descoper\u0103 puterea plantelor cu acest \u0219ampon hidratant care cur\u0103\u021b\u0103 delicat parul in acelsai timp creeaza un mediu s\u0103n\u0103tos pentru scalpul t\u0103u, oferindu-i \u00eengrijirea de care are nevoie.  Beneficii:   Cur\u0103\u021b\u0103 p\u0103rul \u0219i scalpul f\u0103r\u0103 a \u00eendep\u0103rta uleiurile naturale.  Hidrateaz\u0103 p\u0103rul \u0219i scalpul, l\u0103s\u00e2ndu-le moi \u0219i u\u0219or de piept\u0103nat.  Hr\u0103ne\u0219te foliculii de p\u0103r, promov\u00e2nd o cre\u0219tere s\u0103n\u0103toas\u0103 a p\u0103rului.  Calmeaz\u0103 irita\u021biile \u0219i reduce m\u0103trea\u021ba.  Ingrediente Cheie: Extract de urzic\u0103, extract de t\u0103r\u00e2\u021be de gr\u00e2u, vitamina E, aminoacizi, surfactan\u021bi deriva\u021bi din plante.  Potrivit pentru: Potrivit pentru toate tipurile de par.  Utilizare: Potrivit pentru utilizare zilnica.  M\u0103rime: 250 ml | 8.45 fl. oz.  98% ingrediente naturale | ph Balanced | fara parfum| unisex | testat dermatologic | fara parabeni | fara sls | fara alcool  Ambalaje fabricate din materiale reciclabile\" \/>\n<meta property=\"og:url\" content=\"https:\/\/ashastore.eu\/en\/product\/moisturizing-and-scalp-care-shampoo\/\" \/>\n<meta property=\"og:site_name\" content=\"ASHA\" \/>\n<meta property=\"article:modified_time\" content=\"2026-01-03T17:17:13+00:00\" \/>\n<meta property=\"og:image\" content=\"https:\/\/ashastore.eu\/wp-content\/uploads\/2023\/06\/WhatsApp-Image-2025-01-05-at-7.44.49-PM-2-fotor-20250110142212.png\" \/>\n\t<meta property=\"og:image:width\" content=\"1101\" \/>\n\t<meta property=\"og:image:height\" content=\"1600\" \/>\n\t<meta property=\"og:image:type\" content=\"image\/png\" \/>\n<meta name=\"twitter:card\" content=\"summary_large_image\" \/>\n<meta name=\"twitter:label1\" content=\"Est. reading time\" \/>\n\t<meta name=\"twitter:data1\" content=\"1 minute\" \/>\n<script type=\"application\/ld+json\" class=\"yoast-schema-graph\">{\"@context\":\"https:\/\/schema.org\",\"@graph\":[{\"@type\":\"WebPage\",\"@id\":\"https:\/\/ashastore.eu\/product\/moisturizing-and-scalp-care-shampoo\/\",\"url\":\"https:\/\/ashastore.eu\/product\/moisturizing-and-scalp-care-shampoo\/\",\"name\":\"\u0218ampon hidratant cu extract de urzic\u0103 - ASHA\",\"isPartOf\":{\"@id\":\"https:\/\/ashastore.eu\/#website\"},\"primaryImageOfPage\":{\"@id\":\"https:\/\/ashastore.eu\/product\/moisturizing-and-scalp-care-shampoo\/#primaryimage\"},\"image\":{\"@id\":\"https:\/\/ashastore.eu\/product\/moisturizing-and-scalp-care-shampoo\/#primaryimage\"},\"thumbnailUrl\":\"https:\/\/ashastore.eu\/wp-content\/uploads\/2023\/06\/WhatsApp-Image-2025-01-05-at-7.44.49-PM-2-fotor-20250110142212.png\",\"datePublished\":\"2023-06-12T12:32:51+00:00\",\"dateModified\":\"2026-01-03T17:17:13+00:00\",\"breadcrumb\":{\"@id\":\"https:\/\/ashastore.eu\/product\/moisturizing-and-scalp-care-shampoo\/#breadcrumb\"},\"inLanguage\":\"en-US\",\"potentialAction\":[{\"@type\":\"ReadAction\",\"target\":[\"https:\/\/ashastore.eu\/product\/moisturizing-and-scalp-care-shampoo\/\"]}]},{\"@type\":\"ImageObject\",\"inLanguage\":\"en-US\",\"@id\":\"https:\/\/ashastore.eu\/product\/moisturizing-and-scalp-care-shampoo\/#primaryimage\",\"url\":\"https:\/\/ashastore.eu\/wp-content\/uploads\/2023\/06\/WhatsApp-Image-2025-01-05-at-7.44.49-PM-2-fotor-20250110142212.png\",\"contentUrl\":\"https:\/\/ashastore.eu\/wp-content\/uploads\/2023\/06\/WhatsApp-Image-2025-01-05-at-7.44.49-PM-2-fotor-20250110142212.png\",\"width\":1101,\"height\":1600},{\"@type\":\"BreadcrumbList\",\"@id\":\"https:\/\/ashastore.eu\/product\/moisturizing-and-scalp-care-shampoo\/#breadcrumb\",\"itemListElement\":[{\"@type\":\"ListItem\",\"position\":1,\"name\":\"Home\",\"item\":\"https:\/\/ashastore.eu\/\"},{\"@type\":\"ListItem\",\"position\":2,\"name\":\"Produse\",\"item\":\"https:\/\/ashastore.eu\/shop\/\"},{\"@type\":\"ListItem\",\"position\":3,\"name\":\"\u0218ampon hidratant cu extract de urzic\u0103\"}]},{\"@type\":\"WebSite\",\"@id\":\"https:\/\/ashastore.eu\/#website\",\"url\":\"https:\/\/ashastore.eu\/\",\"name\":\"ASHA\",\"description\":\"Rooted in tradition, crafted for today.\",\"publisher\":{\"@id\":\"https:\/\/ashastore.eu\/#organization\"},\"potentialAction\":[{\"@type\":\"SearchAction\",\"target\":{\"@type\":\"EntryPoint\",\"urlTemplate\":\"https:\/\/ashastore.eu\/?s={search_term_string}\"},\"query-input\":{\"@type\":\"PropertyValueSpecification\",\"valueRequired\":true,\"valueName\":\"search_term_string\"}}],\"inLanguage\":\"en-US\"},{\"@type\":\"Organization\",\"@id\":\"https:\/\/ashastore.eu\/#organization\",\"name\":\"ASHA\",\"url\":\"https:\/\/ashastore.eu\/\",\"logo\":{\"@type\":\"ImageObject\",\"inLanguage\":\"en-US\",\"@id\":\"https:\/\/ashastore.eu\/#\/schema\/logo\/image\/\",\"url\":\"https:\/\/ashastore.eu\/wp-content\/uploads\/2024\/11\/Primary-Logo-31.png\",\"contentUrl\":\"https:\/\/ashastore.eu\/wp-content\/uploads\/2024\/11\/Primary-Logo-31.png\",\"width\":4167,\"height\":4167,\"caption\":\"ASHA\"},\"image\":{\"@id\":\"https:\/\/ashastore.eu\/#\/schema\/logo\/image\/\"},\"sameAs\":[\"https:\/\/www.instagram.com\/ashastore.eu\/?hl=en\"]}]}<\/script>\n<!-- \/ Yoast SEO plugin. -->","yoast_head_json":{"title":"\u0218ampon hidratant cu extract de urzic\u0103 - ASHA","robots":{"index":"index","follow":"follow","max-snippet":"max-snippet:-1","max-image-preview":"max-image-preview:large","max-video-preview":"max-video-preview:-1"},"canonical":"https:\/\/ashastore.eu\/en\/product\/moisturizing-and-scalp-care-shampoo\/","og_locale":"en_US","og_type":"article","og_title":"\u0218ampon hidratant cu extract de urzic\u0103 - ASHA","og_description":"Descoper\u0103 puterea plantelor cu acest \u0219ampon hidratant care cur\u0103\u021b\u0103 delicat parul in acelsai timp creeaza un mediu s\u0103n\u0103tos pentru scalpul t\u0103u, oferindu-i \u00eengrijirea de care are nevoie.  Beneficii:   Cur\u0103\u021b\u0103 p\u0103rul \u0219i scalpul f\u0103r\u0103 a \u00eendep\u0103rta uleiurile naturale.  Hidrateaz\u0103 p\u0103rul \u0219i scalpul, l\u0103s\u00e2ndu-le moi \u0219i u\u0219or de piept\u0103nat.  Hr\u0103ne\u0219te foliculii de p\u0103r, promov\u00e2nd o cre\u0219tere s\u0103n\u0103toas\u0103 a p\u0103rului.  Calmeaz\u0103 irita\u021biile \u0219i reduce m\u0103trea\u021ba.  Ingrediente Cheie: Extract de urzic\u0103, extract de t\u0103r\u00e2\u021be de gr\u00e2u, vitamina E, aminoacizi, surfactan\u021bi deriva\u021bi din plante.  Potrivit pentru: Potrivit pentru toate tipurile de par.  Utilizare: Potrivit pentru utilizare zilnica.  M\u0103rime: 250 ml | 8.45 fl. oz.  98% ingrediente naturale | ph Balanced | fara parfum| unisex | testat dermatologic | fara parabeni | fara sls | fara alcool  Ambalaje fabricate din materiale reciclabile","og_url":"https:\/\/ashastore.eu\/en\/product\/moisturizing-and-scalp-care-shampoo\/","og_site_name":"ASHA","article_modified_time":"2026-01-03T17:17:13+00:00","og_image":[{"width":1101,"height":1600,"url":"https:\/\/ashastore.eu\/wp-content\/uploads\/2023\/06\/WhatsApp-Image-2025-01-05-at-7.44.49-PM-2-fotor-20250110142212.png","type":"image\/png"}],"twitter_card":"summary_large_image","twitter_misc":{"Est. reading time":"1 minute"},"schema":{"@context":"https:\/\/schema.org","@graph":[{"@type":"WebPage","@id":"https:\/\/ashastore.eu\/product\/moisturizing-and-scalp-care-shampoo\/","url":"https:\/\/ashastore.eu\/product\/moisturizing-and-scalp-care-shampoo\/","name":"\u0218ampon hidratant cu extract de urzic\u0103 - ASHA","isPartOf":{"@id":"https:\/\/ashastore.eu\/#website"},"primaryImageOfPage":{"@id":"https:\/\/ashastore.eu\/product\/moisturizing-and-scalp-care-shampoo\/#primaryimage"},"image":{"@id":"https:\/\/ashastore.eu\/product\/moisturizing-and-scalp-care-shampoo\/#primaryimage"},"thumbnailUrl":"https:\/\/ashastore.eu\/wp-content\/uploads\/2023\/06\/WhatsApp-Image-2025-01-05-at-7.44.49-PM-2-fotor-20250110142212.png","datePublished":"2023-06-12T12:32:51+00:00","dateModified":"2026-01-03T17:17:13+00:00","breadcrumb":{"@id":"https:\/\/ashastore.eu\/product\/moisturizing-and-scalp-care-shampoo\/#breadcrumb"},"inLanguage":"en-US","potentialAction":[{"@type":"ReadAction","target":["https:\/\/ashastore.eu\/product\/moisturizing-and-scalp-care-shampoo\/"]}]},{"@type":"ImageObject","inLanguage":"en-US","@id":"https:\/\/ashastore.eu\/product\/moisturizing-and-scalp-care-shampoo\/#primaryimage","url":"https:\/\/ashastore.eu\/wp-content\/uploads\/2023\/06\/WhatsApp-Image-2025-01-05-at-7.44.49-PM-2-fotor-20250110142212.png","contentUrl":"https:\/\/ashastore.eu\/wp-content\/uploads\/2023\/06\/WhatsApp-Image-2025-01-05-at-7.44.49-PM-2-fotor-20250110142212.png","width":1101,"height":1600},{"@type":"BreadcrumbList","@id":"https:\/\/ashastore.eu\/product\/moisturizing-and-scalp-care-shampoo\/#breadcrumb","itemListElement":[{"@type":"ListItem","position":1,"name":"Home","item":"https:\/\/ashastore.eu\/"},{"@type":"ListItem","position":2,"name":"Produse","item":"https:\/\/ashastore.eu\/shop\/"},{"@type":"ListItem","position":3,"name":"\u0218ampon hidratant cu extract de urzic\u0103"}]},{"@type":"WebSite","@id":"https:\/\/ashastore.eu\/#website","url":"https:\/\/ashastore.eu\/","name":"ASHA","description":"Rooted in tradition, crafted for today.","publisher":{"@id":"https:\/\/ashastore.eu\/#organization"},"potentialAction":[{"@type":"SearchAction","target":{"@type":"EntryPoint","urlTemplate":"https:\/\/ashastore.eu\/?s={search_term_string}"},"query-input":{"@type":"PropertyValueSpecification","valueRequired":true,"valueName":"search_term_string"}}],"inLanguage":"en-US"},{"@type":"Organization","@id":"https:\/\/ashastore.eu\/#organization","name":"ASHA","url":"https:\/\/ashastore.eu\/","logo":{"@type":"ImageObject","inLanguage":"en-US","@id":"https:\/\/ashastore.eu\/#\/schema\/logo\/image\/","url":"https:\/\/ashastore.eu\/wp-content\/uploads\/2024\/11\/Primary-Logo-31.png","contentUrl":"https:\/\/ashastore.eu\/wp-content\/uploads\/2024\/11\/Primary-Logo-31.png","width":4167,"height":4167,"caption":"ASHA"},"image":{"@id":"https:\/\/ashastore.eu\/#\/schema\/logo\/image\/"},"sameAs":["https:\/\/www.instagram.com\/ashastore.eu\/?hl=en"]}]}},"_links":{"self":[{"href":"https:\/\/ashastore.eu\/en\/wp-json\/wp\/v2\/product\/384","targetHints":{"allow":["GET"]}}],"collection":[{"href":"https:\/\/ashastore.eu\/en\/wp-json\/wp\/v2\/product"}],"about":[{"href":"https:\/\/ashastore.eu\/en\/wp-json\/wp\/v2\/types\/product"}],"replies":[{"embeddable":true,"href":"https:\/\/ashastore.eu\/en\/wp-json\/wp\/v2\/comments?post=384"}],"version-history":[{"count":10,"href":"https:\/\/ashastore.eu\/en\/wp-json\/wp\/v2\/product\/384\/revisions"}],"predecessor-version":[{"id":3404,"href":"https:\/\/ashastore.eu\/en\/wp-json\/wp\/v2\/product\/384\/revisions\/3404"}],"wp:featuredmedia":[{"embeddable":true,"href":"https:\/\/ashastore.eu\/en\/wp-json\/wp\/v2\/media\/2797"}],"wp:attachment":[{"href":"https:\/\/ashastore.eu\/en\/wp-json\/wp\/v2\/media?parent=384"}],"wp:term":[{"taxonomy":"product_brand","embeddable":true,"href":"https:\/\/ashastore.eu\/en\/wp-json\/wp\/v2\/product_brand?post=384"},{"taxonomy":"product_cat","embeddable":true,"href":"https:\/\/ashastore.eu\/en\/wp-json\/wp\/v2\/product_cat?post=384"},{"taxonomy":"product_tag","embeddable":true,"href":"https:\/\/ashastore.eu\/en\/wp-json\/wp\/v2\/product_tag?post=384"}],"curies":[{"name":"wp","href":"https:\/\/api.w.org\/{rel}","templated":true}]}}