{"id":387,"date":"2023-06-12T12:33:42","date_gmt":"2023-06-12T12:33:42","guid":{"rendered":"https:\/\/dummy.xtemos.com\/woodmart2\/plants-elementor\/?post_type=product&#038;p=387"},"modified":"2026-01-03T19:17:42","modified_gmt":"2026-01-03T17:17:42","slug":"calm-cleanse-body-wash","status":"publish","type":"product","link":"https:\/\/ashastore.eu\/en\/product\/calm-cleanse-body-wash\/","title":{"rendered":"Calm &amp; Cleanse Body Wash"},"content":{"rendered":"<p><img decoding=\"async\" class=\"alignnone wp-image-2554\" src=\"https:\/\/ashastore.eu\/wp-content\/uploads\/2023\/06\/WhatsApp-Image-2025-01-04-at-6.55.16-PM-300x300.jpeg\" alt=\"\" width=\"620\" height=\"620\" srcset=\"https:\/\/ashastore.eu\/wp-content\/uploads\/2023\/06\/WhatsApp-Image-2025-01-04-at-6.55.16-PM-300x300.jpeg 300w, https:\/\/ashastore.eu\/wp-content\/uploads\/2023\/06\/WhatsApp-Image-2025-01-04-at-6.55.16-PM-150x150.jpeg 150w, https:\/\/ashastore.eu\/wp-content\/uploads\/2023\/06\/WhatsApp-Image-2025-01-04-at-6.55.16-PM-430x430.jpeg 430w, https:\/\/ashastore.eu\/wp-content\/uploads\/2023\/06\/WhatsApp-Image-2025-01-04-at-6.55.16-PM-190x190.jpeg 190w, https:\/\/ashastore.eu\/wp-content\/uploads\/2023\/06\/WhatsApp-Image-2025-01-04-at-6.55.16-PM.jpeg 474w\" sizes=\"(max-width: 620px) 100vw, 620px\" \/><\/p>","protected":false},"excerpt":{"rendered":"<p>This body wash gel combines the power of nature with gentle cleansing for a refreshing and nourishing shower experience. Chamomile and Dandelion extract helps to soothe and purify the skin without stripping away natural oils.<\/p>\n<p><span style=\"text-decoration: underline;\">Functions:<\/span><\/p>\n<ul>\n<li>Gently removes dirt and impurities without stripping the skin's natural oils.<\/li>\n<li>Infused with glycerin to lock in moisture and keep your skin soft and supple.<\/li>\n<li>Chamomile extract helps to calm and soothe irritated skin.<\/li>\n<li>A blend of amino acids and vitamins helps to strengthen and repair the skin's barrier.<\/li>\n<\/ul>\n<p><span style=\"text-decoration: underline;\">Key Ingredients:<\/span> Chamomile <span class=\"word\" data-words=\"Mu\u0219e\u021bel,Musetel\">Extract<\/span>, <span class=\"word\" data-words=\"Glicerin\u0103,Glicerina\">Glycerin<\/span>Hyaluronic Acid, <span class=\"word\" data-words=\"Vitamin\u0103,Vitamina\">Vitamin<\/span> E.<\/p>\n<p><span style=\"text-decoration: underline;\">Suitable:<\/span> All skin types, perfect for sensitive skin.<\/p>\n<p><span style=\"text-decoration: underline;\">Frequency:<\/span> Daily use.<\/p>\n<p><span style=\"text-decoration: underline;\">Size:<\/span> 250 ml | 8.45 fl. oz.<\/p>\n<p>98% natural | ph Balanced | fragrance free | genderless<\/p>\n<p>Packaging made from recyclable materials<\/p>","protected":false},"featured_media":2799,"comment_status":"open","ping_status":"closed","template":"","meta":[],"product_brand":[],"product_cat":[82],"product_tag":[],"class_list":{"0":"post-387","1":"product","2":"type-product","3":"status-publish","4":"has-post-thumbnail","6":"product_cat-shop","8":"first","9":"instock","10":"shipping-taxable","11":"purchasable","12":"product-type-simple"},"yoast_head":"<!-- This site is optimized with the Yoast SEO plugin v27.1.1 - https:\/\/yoast.com\/product\/yoast-seo-wordpress\/ -->\n<title>Gel de du\u0219 cu extract de musestel \u0219i acid hialuronic - ASHA<\/title>\n<meta name=\"robots\" content=\"index, follow, max-snippet:-1, max-image-preview:large, max-video-preview:-1\" \/>\n<link rel=\"canonical\" href=\"https:\/\/ashastore.eu\/en\/product\/calm-cleanse-body-wash\/\" \/>\n<meta property=\"og:locale\" content=\"en_US\" \/>\n<meta property=\"og:type\" content=\"article\" \/>\n<meta property=\"og:title\" content=\"Gel de du\u0219 cu extract de musestel \u0219i acid hialuronic - ASHA\" \/>\n<meta property=\"og:description\" content=\"Acest gel de du\u0219 \u00eembin\u0103 puterea naturii cu o cur\u0103\u021bare delicat\u0103, oferindu-\u021bi o experien\u021b\u0103 revigorant\u0103 \u0219i hr\u0103nitoare, care las\u0103 pielea curat\u0103, intens hidratat\u0103 \u0219i confortabil\u0103 pe termen lung.  Beneficii:   Cur\u0103\u021b\u0103 delicat murd\u0103ria \u0219i impurit\u0103\u021bile, p\u0103str\u00e2nd \u00een acela\u0219i timp uleiurile naturale ale pielii intacte.  Infuzat cu glicerina, pentru o hidratare intens\u0103 ce men\u021bine pielea catifelat\u0103 \u0219i suple\u021be de lung\u0103 durat\u0103.  Extractul de mu\u0219e\u021bel calmeaz\u0103 \u0219i lini\u0219te\u0219te pielea iritat\u0103, oferindu-i un confort instant.  Un amestec unic de aminoacizi \u0219i vitamine \u00eent\u0103re\u0219te \u0219i repar\u0103 bariera natural\u0103 a pielii, l\u0103s\u00e2nd-o protejat\u0103 \u0219i revitalizat\u0103.  Ingrediente Cheie: Extract de Mu\u0219e\u021bel, Glicerina, Acid Hialuronic, Vitamina E.  Potrivit pentru: Toate tipurile de piele, chiar \u0219i pielea sensibil\u0103.  Potrivit: Potrivit pentru utilizare zilnic\u0103.  M\u0103rime: 250 ml | 8.45 fl. oz.  98% ingrediente naturale | ph Balanced | fara parfum| unisex | testat dermatologic | fara parabeni | fara sls | fara alcool  Ambalaje fabricate din materiale reciclabile\" \/>\n<meta property=\"og:url\" content=\"https:\/\/ashastore.eu\/en\/product\/calm-cleanse-body-wash\/\" \/>\n<meta property=\"og:site_name\" content=\"ASHA\" \/>\n<meta property=\"article:modified_time\" content=\"2026-01-03T17:17:42+00:00\" \/>\n<meta property=\"og:image\" content=\"https:\/\/ashastore.eu\/wp-content\/uploads\/2023\/06\/WhatsApp-Image-2025-01-05-at-7.44.48-PM-fotor-20250110142833.png\" \/>\n\t<meta property=\"og:image:width\" content=\"1101\" \/>\n\t<meta property=\"og:image:height\" content=\"1600\" \/>\n\t<meta property=\"og:image:type\" content=\"image\/png\" \/>\n<meta name=\"twitter:card\" content=\"summary_large_image\" \/>\n<meta name=\"twitter:label1\" content=\"Est. reading time\" \/>\n\t<meta name=\"twitter:data1\" content=\"1 minute\" \/>\n<script type=\"application\/ld+json\" class=\"yoast-schema-graph\">{\"@context\":\"https:\/\/schema.org\",\"@graph\":[{\"@type\":\"WebPage\",\"@id\":\"https:\/\/ashastore.eu\/product\/calm-cleanse-body-wash\/\",\"url\":\"https:\/\/ashastore.eu\/product\/calm-cleanse-body-wash\/\",\"name\":\"Gel de du\u0219 cu extract de musestel \u0219i acid hialuronic - ASHA\",\"isPartOf\":{\"@id\":\"https:\/\/ashastore.eu\/#website\"},\"primaryImageOfPage\":{\"@id\":\"https:\/\/ashastore.eu\/product\/calm-cleanse-body-wash\/#primaryimage\"},\"image\":{\"@id\":\"https:\/\/ashastore.eu\/product\/calm-cleanse-body-wash\/#primaryimage\"},\"thumbnailUrl\":\"https:\/\/ashastore.eu\/wp-content\/uploads\/2023\/06\/WhatsApp-Image-2025-01-05-at-7.44.48-PM-fotor-20250110142833.png\",\"datePublished\":\"2023-06-12T12:33:42+00:00\",\"dateModified\":\"2026-01-03T17:17:42+00:00\",\"breadcrumb\":{\"@id\":\"https:\/\/ashastore.eu\/product\/calm-cleanse-body-wash\/#breadcrumb\"},\"inLanguage\":\"en-US\",\"potentialAction\":[{\"@type\":\"ReadAction\",\"target\":[\"https:\/\/ashastore.eu\/product\/calm-cleanse-body-wash\/\"]}]},{\"@type\":\"ImageObject\",\"inLanguage\":\"en-US\",\"@id\":\"https:\/\/ashastore.eu\/product\/calm-cleanse-body-wash\/#primaryimage\",\"url\":\"https:\/\/ashastore.eu\/wp-content\/uploads\/2023\/06\/WhatsApp-Image-2025-01-05-at-7.44.48-PM-fotor-20250110142833.png\",\"contentUrl\":\"https:\/\/ashastore.eu\/wp-content\/uploads\/2023\/06\/WhatsApp-Image-2025-01-05-at-7.44.48-PM-fotor-20250110142833.png\",\"width\":1101,\"height\":1600},{\"@type\":\"BreadcrumbList\",\"@id\":\"https:\/\/ashastore.eu\/product\/calm-cleanse-body-wash\/#breadcrumb\",\"itemListElement\":[{\"@type\":\"ListItem\",\"position\":1,\"name\":\"Home\",\"item\":\"https:\/\/ashastore.eu\/\"},{\"@type\":\"ListItem\",\"position\":2,\"name\":\"Produse\",\"item\":\"https:\/\/ashastore.eu\/shop\/\"},{\"@type\":\"ListItem\",\"position\":3,\"name\":\"Gel de du\u0219 cu extract de musestel \u0219i acid hialuronic\"}]},{\"@type\":\"WebSite\",\"@id\":\"https:\/\/ashastore.eu\/#website\",\"url\":\"https:\/\/ashastore.eu\/\",\"name\":\"ASHA\",\"description\":\"Rooted in tradition, crafted for today.\",\"publisher\":{\"@id\":\"https:\/\/ashastore.eu\/#organization\"},\"potentialAction\":[{\"@type\":\"SearchAction\",\"target\":{\"@type\":\"EntryPoint\",\"urlTemplate\":\"https:\/\/ashastore.eu\/?s={search_term_string}\"},\"query-input\":{\"@type\":\"PropertyValueSpecification\",\"valueRequired\":true,\"valueName\":\"search_term_string\"}}],\"inLanguage\":\"en-US\"},{\"@type\":\"Organization\",\"@id\":\"https:\/\/ashastore.eu\/#organization\",\"name\":\"ASHA\",\"url\":\"https:\/\/ashastore.eu\/\",\"logo\":{\"@type\":\"ImageObject\",\"inLanguage\":\"en-US\",\"@id\":\"https:\/\/ashastore.eu\/#\/schema\/logo\/image\/\",\"url\":\"https:\/\/ashastore.eu\/wp-content\/uploads\/2024\/11\/Primary-Logo-31.png\",\"contentUrl\":\"https:\/\/ashastore.eu\/wp-content\/uploads\/2024\/11\/Primary-Logo-31.png\",\"width\":4167,\"height\":4167,\"caption\":\"ASHA\"},\"image\":{\"@id\":\"https:\/\/ashastore.eu\/#\/schema\/logo\/image\/\"},\"sameAs\":[\"https:\/\/www.instagram.com\/ashastore.eu\/?hl=en\"]}]}<\/script>\n<!-- \/ Yoast SEO plugin. -->","yoast_head_json":{"title":"Gel de du\u0219 cu extract de musestel \u0219i acid hialuronic - ASHA","robots":{"index":"index","follow":"follow","max-snippet":"max-snippet:-1","max-image-preview":"max-image-preview:large","max-video-preview":"max-video-preview:-1"},"canonical":"https:\/\/ashastore.eu\/en\/product\/calm-cleanse-body-wash\/","og_locale":"en_US","og_type":"article","og_title":"Gel de du\u0219 cu extract de musestel \u0219i acid hialuronic - ASHA","og_description":"Acest gel de du\u0219 \u00eembin\u0103 puterea naturii cu o cur\u0103\u021bare delicat\u0103, oferindu-\u021bi o experien\u021b\u0103 revigorant\u0103 \u0219i hr\u0103nitoare, care las\u0103 pielea curat\u0103, intens hidratat\u0103 \u0219i confortabil\u0103 pe termen lung.  Beneficii:   Cur\u0103\u021b\u0103 delicat murd\u0103ria \u0219i impurit\u0103\u021bile, p\u0103str\u00e2nd \u00een acela\u0219i timp uleiurile naturale ale pielii intacte.  Infuzat cu glicerina, pentru o hidratare intens\u0103 ce men\u021bine pielea catifelat\u0103 \u0219i suple\u021be de lung\u0103 durat\u0103.  Extractul de mu\u0219e\u021bel calmeaz\u0103 \u0219i lini\u0219te\u0219te pielea iritat\u0103, oferindu-i un confort instant.  Un amestec unic de aminoacizi \u0219i vitamine \u00eent\u0103re\u0219te \u0219i repar\u0103 bariera natural\u0103 a pielii, l\u0103s\u00e2nd-o protejat\u0103 \u0219i revitalizat\u0103.  Ingrediente Cheie: Extract de Mu\u0219e\u021bel, Glicerina, Acid Hialuronic, Vitamina E.  Potrivit pentru: Toate tipurile de piele, chiar \u0219i pielea sensibil\u0103.  Potrivit: Potrivit pentru utilizare zilnic\u0103.  M\u0103rime: 250 ml | 8.45 fl. oz.  98% ingrediente naturale | ph Balanced | fara parfum| unisex | testat dermatologic | fara parabeni | fara sls | fara alcool  Ambalaje fabricate din materiale reciclabile","og_url":"https:\/\/ashastore.eu\/en\/product\/calm-cleanse-body-wash\/","og_site_name":"ASHA","article_modified_time":"2026-01-03T17:17:42+00:00","og_image":[{"width":1101,"height":1600,"url":"https:\/\/ashastore.eu\/wp-content\/uploads\/2023\/06\/WhatsApp-Image-2025-01-05-at-7.44.48-PM-fotor-20250110142833.png","type":"image\/png"}],"twitter_card":"summary_large_image","twitter_misc":{"Est. reading time":"1 minute"},"schema":{"@context":"https:\/\/schema.org","@graph":[{"@type":"WebPage","@id":"https:\/\/ashastore.eu\/product\/calm-cleanse-body-wash\/","url":"https:\/\/ashastore.eu\/product\/calm-cleanse-body-wash\/","name":"Gel de du\u0219 cu extract de musestel \u0219i acid hialuronic - ASHA","isPartOf":{"@id":"https:\/\/ashastore.eu\/#website"},"primaryImageOfPage":{"@id":"https:\/\/ashastore.eu\/product\/calm-cleanse-body-wash\/#primaryimage"},"image":{"@id":"https:\/\/ashastore.eu\/product\/calm-cleanse-body-wash\/#primaryimage"},"thumbnailUrl":"https:\/\/ashastore.eu\/wp-content\/uploads\/2023\/06\/WhatsApp-Image-2025-01-05-at-7.44.48-PM-fotor-20250110142833.png","datePublished":"2023-06-12T12:33:42+00:00","dateModified":"2026-01-03T17:17:42+00:00","breadcrumb":{"@id":"https:\/\/ashastore.eu\/product\/calm-cleanse-body-wash\/#breadcrumb"},"inLanguage":"en-US","potentialAction":[{"@type":"ReadAction","target":["https:\/\/ashastore.eu\/product\/calm-cleanse-body-wash\/"]}]},{"@type":"ImageObject","inLanguage":"en-US","@id":"https:\/\/ashastore.eu\/product\/calm-cleanse-body-wash\/#primaryimage","url":"https:\/\/ashastore.eu\/wp-content\/uploads\/2023\/06\/WhatsApp-Image-2025-01-05-at-7.44.48-PM-fotor-20250110142833.png","contentUrl":"https:\/\/ashastore.eu\/wp-content\/uploads\/2023\/06\/WhatsApp-Image-2025-01-05-at-7.44.48-PM-fotor-20250110142833.png","width":1101,"height":1600},{"@type":"BreadcrumbList","@id":"https:\/\/ashastore.eu\/product\/calm-cleanse-body-wash\/#breadcrumb","itemListElement":[{"@type":"ListItem","position":1,"name":"Home","item":"https:\/\/ashastore.eu\/"},{"@type":"ListItem","position":2,"name":"Produse","item":"https:\/\/ashastore.eu\/shop\/"},{"@type":"ListItem","position":3,"name":"Gel de du\u0219 cu extract de musestel \u0219i acid hialuronic"}]},{"@type":"WebSite","@id":"https:\/\/ashastore.eu\/#website","url":"https:\/\/ashastore.eu\/","name":"ASHA","description":"Rooted in tradition, crafted for today.","publisher":{"@id":"https:\/\/ashastore.eu\/#organization"},"potentialAction":[{"@type":"SearchAction","target":{"@type":"EntryPoint","urlTemplate":"https:\/\/ashastore.eu\/?s={search_term_string}"},"query-input":{"@type":"PropertyValueSpecification","valueRequired":true,"valueName":"search_term_string"}}],"inLanguage":"en-US"},{"@type":"Organization","@id":"https:\/\/ashastore.eu\/#organization","name":"ASHA","url":"https:\/\/ashastore.eu\/","logo":{"@type":"ImageObject","inLanguage":"en-US","@id":"https:\/\/ashastore.eu\/#\/schema\/logo\/image\/","url":"https:\/\/ashastore.eu\/wp-content\/uploads\/2024\/11\/Primary-Logo-31.png","contentUrl":"https:\/\/ashastore.eu\/wp-content\/uploads\/2024\/11\/Primary-Logo-31.png","width":4167,"height":4167,"caption":"ASHA"},"image":{"@id":"https:\/\/ashastore.eu\/#\/schema\/logo\/image\/"},"sameAs":["https:\/\/www.instagram.com\/ashastore.eu\/?hl=en"]}]}},"_links":{"self":[{"href":"https:\/\/ashastore.eu\/en\/wp-json\/wp\/v2\/product\/387","targetHints":{"allow":["GET"]}}],"collection":[{"href":"https:\/\/ashastore.eu\/en\/wp-json\/wp\/v2\/product"}],"about":[{"href":"https:\/\/ashastore.eu\/en\/wp-json\/wp\/v2\/types\/product"}],"replies":[{"embeddable":true,"href":"https:\/\/ashastore.eu\/en\/wp-json\/wp\/v2\/comments?post=387"}],"version-history":[{"count":10,"href":"https:\/\/ashastore.eu\/en\/wp-json\/wp\/v2\/product\/387\/revisions"}],"predecessor-version":[{"id":3403,"href":"https:\/\/ashastore.eu\/en\/wp-json\/wp\/v2\/product\/387\/revisions\/3403"}],"wp:featuredmedia":[{"embeddable":true,"href":"https:\/\/ashastore.eu\/en\/wp-json\/wp\/v2\/media\/2799"}],"wp:attachment":[{"href":"https:\/\/ashastore.eu\/en\/wp-json\/wp\/v2\/media?parent=387"}],"wp:term":[{"taxonomy":"product_brand","embeddable":true,"href":"https:\/\/ashastore.eu\/en\/wp-json\/wp\/v2\/product_brand?post=387"},{"taxonomy":"product_cat","embeddable":true,"href":"https:\/\/ashastore.eu\/en\/wp-json\/wp\/v2\/product_cat?post=387"},{"taxonomy":"product_tag","embeddable":true,"href":"https:\/\/ashastore.eu\/en\/wp-json\/wp\/v2\/product_tag?post=387"}],"curies":[{"name":"wp","href":"https:\/\/api.w.org\/{rel}","templated":true}]}}