{"id":391,"date":"2023-06-12T12:35:53","date_gmt":"2023-06-12T12:35:53","guid":{"rendered":"https:\/\/dummy.xtemos.com\/woodmart2\/plants-elementor\/?post_type=product&#038;p=391"},"modified":"2026-01-03T19:19:26","modified_gmt":"2026-01-03T17:19:26","slug":"nourishing-cleanser","status":"publish","type":"product","link":"https:\/\/ashastore.eu\/en\/product\/nourishing-cleanser\/","title":{"rendered":"Nourishing Cleanser"},"content":{"rendered":"<p><img decoding=\"async\" class=\"alignnone wp-image-2553\" src=\"https:\/\/ashastore.eu\/wp-content\/uploads\/2023\/06\/WhatsApp-Image-2025-01-04-at-6.54.58-PM-284x300.jpeg\" alt=\"\" width=\"516\" height=\"545\" srcset=\"https:\/\/ashastore.eu\/wp-content\/uploads\/2023\/06\/WhatsApp-Image-2025-01-04-at-6.54.58-PM-284x300.jpeg 284w, https:\/\/ashastore.eu\/wp-content\/uploads\/2023\/06\/WhatsApp-Image-2025-01-04-at-6.54.58-PM-430x454.jpeg 430w, https:\/\/ashastore.eu\/wp-content\/uploads\/2023\/06\/WhatsApp-Image-2025-01-04-at-6.54.58-PM-190x200.jpeg 190w, https:\/\/ashastore.eu\/wp-content\/uploads\/2023\/06\/WhatsApp-Image-2025-01-04-at-6.54.58-PM.jpeg 473w\" sizes=\"(max-width: 516px) 100vw, 516px\" \/><\/p>","protected":false},"excerpt":{"rendered":"<p>This gentle cleanser removes impurities &amp; makeup without compromising your skin's delicate moisture barrier. Packed with nature's goodness like Vitamin E &amp; calming Chamomile, it unveils a clean, comfortable, and healthy-looking complexion with every wash.<\/p>\n<p><span style=\"text-decoration: underline;\">Functions:<\/span><\/p>\n<ul>\n<li>Effectively removes dirt, oil, and impurities.<\/li>\n<li>Locks in moisture to keep your skin soft and supple.<\/li>\n<li>Calms irritated skin and reduces redness.<\/li>\n<li>Shields your skin from environmental damage.<\/li>\n<\/ul>\n<p><span style=\"text-decoration: underline;\">Key Ingredients:<\/span> Glycerin, Dandelion Juice, Chamomile Extract, Vitamin E.<\/p>\n<p><span style=\"text-decoration: underline;\">Suitable:<\/span> All skin types, perfect for sensitive skin.<\/p>\n<p><span style=\"text-decoration: underline;\">Suitable<\/span>: Daily use.<\/p>\n<p><span style=\"text-decoration: underline;\">Size:<\/span> 250 ml | 8.45 fl. oz.<\/p>\n<p>&nbsp;<\/p>\n<p>98% natural | ph Balanced | fragrance free | genderless<\/p>\n<p>Packaging made from recyclable materials<\/p>","protected":false},"featured_media":2801,"comment_status":"open","ping_status":"closed","template":"","meta":[],"product_brand":[],"product_cat":[82],"product_tag":[],"class_list":{"0":"post-391","1":"product","2":"type-product","3":"status-publish","4":"has-post-thumbnail","6":"product_cat-shop","8":"first","9":"instock","10":"shipping-taxable","11":"purchasable","12":"product-type-simple"},"yoast_head":"<!-- This site is optimized with the Yoast SEO plugin v27.1.1 - https:\/\/yoast.com\/product\/yoast-seo-wordpress\/ -->\n<title>Gel de cur\u0103\u021bare cu extract de mu\u0219e\u021bel \u0219i suc de p\u0103p\u0103die - ASHA<\/title>\n<meta name=\"robots\" content=\"index, follow, max-snippet:-1, max-image-preview:large, max-video-preview:-1\" \/>\n<link rel=\"canonical\" href=\"https:\/\/ashastore.eu\/en\/product\/nourishing-cleanser\/\" \/>\n<meta property=\"og:locale\" content=\"en_US\" \/>\n<meta property=\"og:type\" content=\"article\" \/>\n<meta property=\"og:title\" content=\"Gel de cur\u0103\u021bare cu extract de mu\u0219e\u021bel \u0219i suc de p\u0103p\u0103die - ASHA\" \/>\n<meta property=\"og:description\" content=\"Acest gel de curatare delicat con\u021bine ingrediente naturale, precum extractul de mu\u0219e\u021bel, sucul de p\u0103p\u0103die \u0219i proteina din gr\u00e2u, care cur\u0103\u021b\u0103 \u0219i hr\u0103nesc pielea. Formula sa u\u0219oar\u0103, bazat\u0103 pe surfactan\u021bi vegetali \u0219i agen\u021bi hidratan\u021bi precum glicerin\u0103 \u0219i panthenol, elimin\u0103 impurit\u0103\u021bile f\u0103r\u0103 a usca pielea, l\u0103s\u00e2nd-o moale, proasp\u0103t\u0103 \u0219i echilibrat\u0103.  Beneficii:   Cur\u0103\u021b\u0103 eficient murd\u0103ria, excesul de sebum \u0219i impurit\u0103\u021bile.  Men\u021bine hidratarea pentru a l\u0103sa pielea moale \u0219i catifelat\u0103.  Calmeaz\u0103 irita\u021biile \u0219i reduce ro\u0219ea\u021ba.  Protejeaz\u0103 pielea de factorii de mediu d\u0103un\u0103tori.  Ingrediente Cheie: Glicerin\u0103, suc de p\u0103p\u0103die, extract de mu\u0219e\u021bel, vitamina E, proteine.  Potrivit pentru: Toate tipurile de ten, potrivit pentru pielea sensibil\u0103.  Potrivit: Utilizare zilnic\u0103.  M\u0103rime: 250 ml | 8.45 fl. oz.  &nbsp;  98% ingrediente naturale | ph Balanced | fara parfum| unisex | testat dermatologic | fara parabeni | fara sls | fara alcool  Ambalaje fabricate din materiale reciclabile\" \/>\n<meta property=\"og:url\" content=\"https:\/\/ashastore.eu\/en\/product\/nourishing-cleanser\/\" \/>\n<meta property=\"og:site_name\" content=\"ASHA\" \/>\n<meta property=\"article:modified_time\" content=\"2026-01-03T17:19:26+00:00\" \/>\n<meta property=\"og:image\" content=\"https:\/\/ashastore.eu\/wp-content\/uploads\/2023\/06\/WhatsApp-Image-2025-01-05-at-7.44.49-PM-1-fotor-20250110143523.png\" \/>\n\t<meta property=\"og:image:width\" content=\"1101\" \/>\n\t<meta property=\"og:image:height\" content=\"1600\" \/>\n\t<meta property=\"og:image:type\" content=\"image\/png\" \/>\n<meta name=\"twitter:card\" content=\"summary_large_image\" \/>\n<meta name=\"twitter:label1\" content=\"Est. reading time\" \/>\n\t<meta name=\"twitter:data1\" content=\"1 minute\" \/>\n<script type=\"application\/ld+json\" class=\"yoast-schema-graph\">{\"@context\":\"https:\/\/schema.org\",\"@graph\":[{\"@type\":\"WebPage\",\"@id\":\"https:\/\/ashastore.eu\/product\/nourishing-cleanser\/\",\"url\":\"https:\/\/ashastore.eu\/product\/nourishing-cleanser\/\",\"name\":\"Gel de cur\u0103\u021bare cu extract de mu\u0219e\u021bel \u0219i suc de p\u0103p\u0103die - ASHA\",\"isPartOf\":{\"@id\":\"https:\/\/ashastore.eu\/#website\"},\"primaryImageOfPage\":{\"@id\":\"https:\/\/ashastore.eu\/product\/nourishing-cleanser\/#primaryimage\"},\"image\":{\"@id\":\"https:\/\/ashastore.eu\/product\/nourishing-cleanser\/#primaryimage\"},\"thumbnailUrl\":\"https:\/\/ashastore.eu\/wp-content\/uploads\/2023\/06\/WhatsApp-Image-2025-01-05-at-7.44.49-PM-1-fotor-20250110143523.png\",\"datePublished\":\"2023-06-12T12:35:53+00:00\",\"dateModified\":\"2026-01-03T17:19:26+00:00\",\"breadcrumb\":{\"@id\":\"https:\/\/ashastore.eu\/product\/nourishing-cleanser\/#breadcrumb\"},\"inLanguage\":\"en-US\",\"potentialAction\":[{\"@type\":\"ReadAction\",\"target\":[\"https:\/\/ashastore.eu\/product\/nourishing-cleanser\/\"]}]},{\"@type\":\"ImageObject\",\"inLanguage\":\"en-US\",\"@id\":\"https:\/\/ashastore.eu\/product\/nourishing-cleanser\/#primaryimage\",\"url\":\"https:\/\/ashastore.eu\/wp-content\/uploads\/2023\/06\/WhatsApp-Image-2025-01-05-at-7.44.49-PM-1-fotor-20250110143523.png\",\"contentUrl\":\"https:\/\/ashastore.eu\/wp-content\/uploads\/2023\/06\/WhatsApp-Image-2025-01-05-at-7.44.49-PM-1-fotor-20250110143523.png\",\"width\":1101,\"height\":1600},{\"@type\":\"BreadcrumbList\",\"@id\":\"https:\/\/ashastore.eu\/product\/nourishing-cleanser\/#breadcrumb\",\"itemListElement\":[{\"@type\":\"ListItem\",\"position\":1,\"name\":\"Home\",\"item\":\"https:\/\/ashastore.eu\/\"},{\"@type\":\"ListItem\",\"position\":2,\"name\":\"Produse\",\"item\":\"https:\/\/ashastore.eu\/shop\/\"},{\"@type\":\"ListItem\",\"position\":3,\"name\":\"Gel de cur\u0103\u021bare cu extract de mu\u0219e\u021bel \u0219i suc de p\u0103p\u0103die\"}]},{\"@type\":\"WebSite\",\"@id\":\"https:\/\/ashastore.eu\/#website\",\"url\":\"https:\/\/ashastore.eu\/\",\"name\":\"ASHA\",\"description\":\"Rooted in tradition, crafted for today.\",\"publisher\":{\"@id\":\"https:\/\/ashastore.eu\/#organization\"},\"potentialAction\":[{\"@type\":\"SearchAction\",\"target\":{\"@type\":\"EntryPoint\",\"urlTemplate\":\"https:\/\/ashastore.eu\/?s={search_term_string}\"},\"query-input\":{\"@type\":\"PropertyValueSpecification\",\"valueRequired\":true,\"valueName\":\"search_term_string\"}}],\"inLanguage\":\"en-US\"},{\"@type\":\"Organization\",\"@id\":\"https:\/\/ashastore.eu\/#organization\",\"name\":\"ASHA\",\"url\":\"https:\/\/ashastore.eu\/\",\"logo\":{\"@type\":\"ImageObject\",\"inLanguage\":\"en-US\",\"@id\":\"https:\/\/ashastore.eu\/#\/schema\/logo\/image\/\",\"url\":\"https:\/\/ashastore.eu\/wp-content\/uploads\/2024\/11\/Primary-Logo-31.png\",\"contentUrl\":\"https:\/\/ashastore.eu\/wp-content\/uploads\/2024\/11\/Primary-Logo-31.png\",\"width\":4167,\"height\":4167,\"caption\":\"ASHA\"},\"image\":{\"@id\":\"https:\/\/ashastore.eu\/#\/schema\/logo\/image\/\"},\"sameAs\":[\"https:\/\/www.instagram.com\/ashastore.eu\/?hl=en\"]}]}<\/script>\n<!-- \/ Yoast SEO plugin. -->","yoast_head_json":{"title":"Gel de cur\u0103\u021bare cu extract de mu\u0219e\u021bel \u0219i suc de p\u0103p\u0103die - ASHA","robots":{"index":"index","follow":"follow","max-snippet":"max-snippet:-1","max-image-preview":"max-image-preview:large","max-video-preview":"max-video-preview:-1"},"canonical":"https:\/\/ashastore.eu\/en\/product\/nourishing-cleanser\/","og_locale":"en_US","og_type":"article","og_title":"Gel de cur\u0103\u021bare cu extract de mu\u0219e\u021bel \u0219i suc de p\u0103p\u0103die - ASHA","og_description":"Acest gel de curatare delicat con\u021bine ingrediente naturale, precum extractul de mu\u0219e\u021bel, sucul de p\u0103p\u0103die \u0219i proteina din gr\u00e2u, care cur\u0103\u021b\u0103 \u0219i hr\u0103nesc pielea. Formula sa u\u0219oar\u0103, bazat\u0103 pe surfactan\u021bi vegetali \u0219i agen\u021bi hidratan\u021bi precum glicerin\u0103 \u0219i panthenol, elimin\u0103 impurit\u0103\u021bile f\u0103r\u0103 a usca pielea, l\u0103s\u00e2nd-o moale, proasp\u0103t\u0103 \u0219i echilibrat\u0103.  Beneficii:   Cur\u0103\u021b\u0103 eficient murd\u0103ria, excesul de sebum \u0219i impurit\u0103\u021bile.  Men\u021bine hidratarea pentru a l\u0103sa pielea moale \u0219i catifelat\u0103.  Calmeaz\u0103 irita\u021biile \u0219i reduce ro\u0219ea\u021ba.  Protejeaz\u0103 pielea de factorii de mediu d\u0103un\u0103tori.  Ingrediente Cheie: Glicerin\u0103, suc de p\u0103p\u0103die, extract de mu\u0219e\u021bel, vitamina E, proteine.  Potrivit pentru: Toate tipurile de ten, potrivit pentru pielea sensibil\u0103.  Potrivit: Utilizare zilnic\u0103.  M\u0103rime: 250 ml | 8.45 fl. oz.  &nbsp;  98% ingrediente naturale | ph Balanced | fara parfum| unisex | testat dermatologic | fara parabeni | fara sls | fara alcool  Ambalaje fabricate din materiale reciclabile","og_url":"https:\/\/ashastore.eu\/en\/product\/nourishing-cleanser\/","og_site_name":"ASHA","article_modified_time":"2026-01-03T17:19:26+00:00","og_image":[{"width":1101,"height":1600,"url":"https:\/\/ashastore.eu\/wp-content\/uploads\/2023\/06\/WhatsApp-Image-2025-01-05-at-7.44.49-PM-1-fotor-20250110143523.png","type":"image\/png"}],"twitter_card":"summary_large_image","twitter_misc":{"Est. reading time":"1 minute"},"schema":{"@context":"https:\/\/schema.org","@graph":[{"@type":"WebPage","@id":"https:\/\/ashastore.eu\/product\/nourishing-cleanser\/","url":"https:\/\/ashastore.eu\/product\/nourishing-cleanser\/","name":"Gel de cur\u0103\u021bare cu extract de mu\u0219e\u021bel \u0219i suc de p\u0103p\u0103die - ASHA","isPartOf":{"@id":"https:\/\/ashastore.eu\/#website"},"primaryImageOfPage":{"@id":"https:\/\/ashastore.eu\/product\/nourishing-cleanser\/#primaryimage"},"image":{"@id":"https:\/\/ashastore.eu\/product\/nourishing-cleanser\/#primaryimage"},"thumbnailUrl":"https:\/\/ashastore.eu\/wp-content\/uploads\/2023\/06\/WhatsApp-Image-2025-01-05-at-7.44.49-PM-1-fotor-20250110143523.png","datePublished":"2023-06-12T12:35:53+00:00","dateModified":"2026-01-03T17:19:26+00:00","breadcrumb":{"@id":"https:\/\/ashastore.eu\/product\/nourishing-cleanser\/#breadcrumb"},"inLanguage":"en-US","potentialAction":[{"@type":"ReadAction","target":["https:\/\/ashastore.eu\/product\/nourishing-cleanser\/"]}]},{"@type":"ImageObject","inLanguage":"en-US","@id":"https:\/\/ashastore.eu\/product\/nourishing-cleanser\/#primaryimage","url":"https:\/\/ashastore.eu\/wp-content\/uploads\/2023\/06\/WhatsApp-Image-2025-01-05-at-7.44.49-PM-1-fotor-20250110143523.png","contentUrl":"https:\/\/ashastore.eu\/wp-content\/uploads\/2023\/06\/WhatsApp-Image-2025-01-05-at-7.44.49-PM-1-fotor-20250110143523.png","width":1101,"height":1600},{"@type":"BreadcrumbList","@id":"https:\/\/ashastore.eu\/product\/nourishing-cleanser\/#breadcrumb","itemListElement":[{"@type":"ListItem","position":1,"name":"Home","item":"https:\/\/ashastore.eu\/"},{"@type":"ListItem","position":2,"name":"Produse","item":"https:\/\/ashastore.eu\/shop\/"},{"@type":"ListItem","position":3,"name":"Gel de cur\u0103\u021bare cu extract de mu\u0219e\u021bel \u0219i suc de p\u0103p\u0103die"}]},{"@type":"WebSite","@id":"https:\/\/ashastore.eu\/#website","url":"https:\/\/ashastore.eu\/","name":"ASHA","description":"Rooted in tradition, crafted for today.","publisher":{"@id":"https:\/\/ashastore.eu\/#organization"},"potentialAction":[{"@type":"SearchAction","target":{"@type":"EntryPoint","urlTemplate":"https:\/\/ashastore.eu\/?s={search_term_string}"},"query-input":{"@type":"PropertyValueSpecification","valueRequired":true,"valueName":"search_term_string"}}],"inLanguage":"en-US"},{"@type":"Organization","@id":"https:\/\/ashastore.eu\/#organization","name":"ASHA","url":"https:\/\/ashastore.eu\/","logo":{"@type":"ImageObject","inLanguage":"en-US","@id":"https:\/\/ashastore.eu\/#\/schema\/logo\/image\/","url":"https:\/\/ashastore.eu\/wp-content\/uploads\/2024\/11\/Primary-Logo-31.png","contentUrl":"https:\/\/ashastore.eu\/wp-content\/uploads\/2024\/11\/Primary-Logo-31.png","width":4167,"height":4167,"caption":"ASHA"},"image":{"@id":"https:\/\/ashastore.eu\/#\/schema\/logo\/image\/"},"sameAs":["https:\/\/www.instagram.com\/ashastore.eu\/?hl=en"]}]}},"_links":{"self":[{"href":"https:\/\/ashastore.eu\/en\/wp-json\/wp\/v2\/product\/391","targetHints":{"allow":["GET"]}}],"collection":[{"href":"https:\/\/ashastore.eu\/en\/wp-json\/wp\/v2\/product"}],"about":[{"href":"https:\/\/ashastore.eu\/en\/wp-json\/wp\/v2\/types\/product"}],"replies":[{"embeddable":true,"href":"https:\/\/ashastore.eu\/en\/wp-json\/wp\/v2\/comments?post=391"}],"version-history":[{"count":10,"href":"https:\/\/ashastore.eu\/en\/wp-json\/wp\/v2\/product\/391\/revisions"}],"predecessor-version":[{"id":3405,"href":"https:\/\/ashastore.eu\/en\/wp-json\/wp\/v2\/product\/391\/revisions\/3405"}],"wp:featuredmedia":[{"embeddable":true,"href":"https:\/\/ashastore.eu\/en\/wp-json\/wp\/v2\/media\/2801"}],"wp:attachment":[{"href":"https:\/\/ashastore.eu\/en\/wp-json\/wp\/v2\/media?parent=391"}],"wp:term":[{"taxonomy":"product_brand","embeddable":true,"href":"https:\/\/ashastore.eu\/en\/wp-json\/wp\/v2\/product_brand?post=391"},{"taxonomy":"product_cat","embeddable":true,"href":"https:\/\/ashastore.eu\/en\/wp-json\/wp\/v2\/product_cat?post=391"},{"taxonomy":"product_tag","embeddable":true,"href":"https:\/\/ashastore.eu\/en\/wp-json\/wp\/v2\/product_tag?post=391"}],"curies":[{"name":"wp","href":"https:\/\/api.w.org\/{rel}","templated":true}]}}